{"id":2,"date":"2012-09-19T05:57:48","date_gmt":"2012-09-19T05:57:48","guid":{"rendered":"http:\/\/eportal.chirurgie.upol.cz\/ebook\/?page_id=2"},"modified":"2023-05-15T06:12:20","modified_gmt":"2023-05-15T06:12:20","slug":"zkusebni-stranka","status":"publish","type":"page","link":"https:\/\/eportal.chirurgie.upol.cz\/ebook\/?page_id=2","title":{"rendered":"Z\u00e1kladn\u00ed v\u00fdkony ve v\u0161eobecn\u00e9 chirurgii"},"content":{"rendered":"<div class=\"card-individual\">\n<h3 class=\"titulek-fotka\" style=\"color:#ffffff;\">Z\u00c1KLADN\u00cd V\u00ddKONY VE V\u0160EOBECN\u00c9 CHIRURGII<\/h3>\n<h6 class=\"zamereni\">Auto\u0159i:<br \/>Miloslav Duda a kolektiv<\/h6>\n<p><a style=\"text-decoration: none;\" href=\"https:\/\/eportal.chirurgie.upol.cz\/ebook\/wp-content\/uploads\/2023\/05\/zakladnichirurgie__.pdf\" target=\"_blank\" rel=\"noopener\">\u2192 ST\u00c1HNOUT ELEKTRONICKOU PUBLIKACI <i>(*.PDF)<\/i><\/a><br \/>\n<a style=\"text-decoration: none;\" href=\"https:\/\/eportal.chirurgie.upol.cz\/portal_final\/?page_id=2447\" target=\"_blank\" rel=\"noopener\">\u2192 OTEV\u0158\u00cdT MATERI\u00c1LY V ELEARNINGOV\u00c9M PORT\u00c1LU<\/a><br \/>\n<a  class=\"_3d-flip-book  fb3d-link-lightbox-mode\" data-id=\"188\" data-mode=\"link-lightbox\" data-title=\"false\" data-template=\"short-white-book-view\" data-lightbox=\"light-shadow\" data-urlparam=\"fb3d-page\" data-page-n=\"0\" data-pdf=\"\" data-tax=\"null\" data-thumbnail=\"\" data-cols=\"3\" data-book-template=\"default\" data-trigger=\"\">\u2192 3D N\u00c1HLED ELEKTRONICK\u00c9 PUBLIKACE<br \/><img decoding=\"async\" class=\"image-over-size\" title=\"Publikace Z\u00c1KLADN\u00cd V\u00ddKONY VE V\u0160EOBECN\u00c9 CHIRURGII\" src=\"https:\/\/eportal.chirurgie.upol.cz\/ebook\/wp-content\/uploads\/2023\/05\/titulek_i1.jpg\"  style=\"width:200px;\"\/><\/a><script type=\"text\/javascript\">window.FB3D_CLIENT_DATA = window.FB3D_CLIENT_DATA || [];FB3D_CLIENT_DATA.push('eyJwb3N0cyI6eyIxODgiOnsiSUQiOjE4OCwidGl0bGUiOiJaXHUwMGMxS0xBRE5cdTAwY2QgVlx1MDBkZEtPTlkgVkUgVlx1MDE2MEVPQkVDTlx1MDBjOSBDSElSVVJHSUkiLCJ0eXBlIjoicGRmIiwicmVhZHlfZnVuY3Rpb24iOiIiLCJib29rX3N0eWxlIjoiZmxhdCIsImJvb2tfdGVtcGxhdGUiOiJub25lIiwib3V0bGluZSI6W10sImRhdGEiOnsicG9zdF9JRCI6IjE4OSIsImd1aWQiOiJodHRwczpcL1wvZXBvcnRhbC5jaGlydXJnaWUudXBvbC5jelwvZWJvb2tcL3dwLWNvbnRlbnRcL3VwbG9hZHNcLzIwMjNcLzA1XC96YWtsYWRuaWNoaXJ1cmdpZV9fLnBkZiIsInBkZl9wYWdlcyI6IjE5NCIsInBhZ2VzX2N1c3RvbWl6YXRpb24iOiJub25lIn0sInRodW1ibmFpbCI6eyJkYXRhIjp7InBvc3RfSUQiOiIwIn0sInR5cGUiOiJhdXRvIn0sInByb3BzIjp7ImJhY2tncm91bmRDb2xvciI6ImF1dG8iLCJiYWNrZ3JvdW5kSW1hZ2UiOiJhdXRvIiwiYmFja2dyb3VuZFN0eWxlIjoiYXV0byIsImhpZ2hsaWdodExpbmtzIjoiYXV0byIsImxpZ2h0aW5nIjoiYXV0byIsImNhY2hlZFBhZ2VzIjoiYXV0byIsInJlbmRlckluYWN0aXZlUGFnZXMiOiJhdXRvIiwicmVuZGVySW5hY3RpdmVQYWdlc09uTW9iaWxlIjoiYXV0byIsInJlbmRlcldoaWxlRmxpcHBpbmciOiJhdXRvIiwicHJlbG9hZFBhZ2VzIjoiYXV0byIsImF1dG9QbGF5RHVyYXRpb24iOiJhdXRvIiwicnRsIjoiYXV0byIsImludGVyYWN0aXZlQ29ybmVycyI6ImF1dG8iLCJtYXhEZXB0aCI6ImF1dG8iLCJzaGVldCI6eyJzdGFydFZlbG9jaXR5IjoiYXV0byIsIndhdmUiOiJhdXRvIiwic2hhcGUiOiJhdXRvIiwid2lkdGhUZXhlbHMiOiJhdXRvIiwiY29sb3IiOiJhdXRvIiwic2lkZSI6ImF1dG8iLCJjb3JuZXJEZXZpYXRpb24iOiJhdXRvIiwiZmxleGliaWxpdHkiOiJhdXRvIiwiZmxleGlibGVDb3JuZXIiOiJhdXRvIiwiYmVuZGluZyI6ImF1dG8iLCJoZWlnaHRUZXhlbHMiOiJhdXRvIn0sImNvdmVyIjp7IndhdmUiOiJhdXRvIiwiY29sb3IiOiJhdXRvIiwic2lkZSI6ImF1dG8iLCJiaW5kZXJUZXh0dXJlIjoiYXV0byIsImRlcHRoIjoiYXV0byIsInBhZGRpbmciOiJhdXRvIiwic3RhcnRWZWxvY2l0eSI6ImF1dG8iLCJmbGV4aWJpbGl0eSI6ImF1dG8iLCJmbGV4aWJsZUNvcm5lciI6ImF1dG8iLCJiZW5kaW5nIjoiYXV0byIsIndpZHRoVGV4ZWxzIjoiYXV0byIsImhlaWdodFRleGVscyI6ImF1dG8iLCJtYXNzIjoiYXV0byIsInNoYXBlIjoiYXV0byJ9LCJwYWdlIjp7IndhdmUiOiJhdXRvIiwiY29sb3IiOiJhdXRvIiwic2lkZSI6ImF1dG8iLCJkZXB0aCI6ImF1dG8iLCJzdGFydFZlbG9jaXR5IjoiYXV0byIsImZsZXhpYmlsaXR5IjoiYXV0byIsImZsZXhpYmxlQ29ybmVyIjoiYXV0byIsImJlbmRpbmciOiJhdXRvIiwid2lkdGhUZXhlbHMiOiJhdXRvIiwiaGVpZ2h0VGV4ZWxzIjoiYXV0byIsIm1hc3MiOiJhdXRvIiwic2hhcGUiOiJhdXRvIn0sImhlaWdodCI6ImF1dG8iLCJ3aWR0aCI6ImF1dG8iLCJncmF2aXR5IjoiYXV0byIsInBhZ2VzRm9yUHJlZGljdGluZyI6ImF1dG8ifSwiY29udHJvbFByb3BzIjp7ImFjdGlvbnMiOnsiY21kVG9jIjp7ImVuYWJsZWQiOiJhdXRvIiwiZW5hYmxlZEluTmFycm93IjoiYXV0byIsImFjdGl2ZSI6ImF1dG8iLCJkZWZhdWx0VGFiIjoiYXV0byJ9LCJjbWRBdXRvUGxheSI6eyJlbmFibGVkIjoiYXV0byIsImVuYWJsZWRJbk5hcnJvdyI6ImF1dG8iLCJhY3RpdmUiOiJhdXRvIn0sImNtZFNhdmUiOnsiZW5hYmxlZCI6ImF1dG8iLCJlbmFibGVkSW5OYXJyb3ciOiJhdXRvIn0sImNtZFByaW50Ijp7ImVuYWJsZWQiOiJhdXRvIiwiZW5hYmxlZEluTmFycm93IjoiYXV0byJ9LCJjbWRTaW5nbGVQYWdlIjp7ImVuYWJsZWQiOiJhdXRvIiwiZW5hYmxlZEluTmFycm93IjoiYXV0byIsImFjdGl2ZSI6ImF1dG8iLCJhY3RpdmVGb3JNb2JpbGUiOiJhdXRvIn0sIndpZFRvb2xiYXIiOnsiZW5hYmxlZCI6ImF1dG8iLCJlbmFibGVkSW5OYXJyb3ciOiJhdXRvIn19fSwiYXV0b1RodW1ibmFpbCI6Imh0dHA6XC9cL2Vwb3J0YWwuY2hpcnVyZ2llLnVwb2wuY3pcL2Vib29rXC93cC1jb250ZW50XC91cGxvYWRzXC8zZC1mbGlwLWJvb2tcL2F1dG8tdGh1bWJuYWlsc1wvMTg4LnBuZyIsInBvc3RfbmFtZSI6ImNoaXItMDEiLCJwb3N0X3R5cGUiOiIzZC1mbGlwLWJvb2sifX0sInBhZ2VzIjpbXSwiZmlyc3RQYWdlcyI6W119');window.FB3D_CLIENT_LOCALE && FB3D_CLIENT_LOCALE.render && FB3D_CLIENT_LOCALE.render();<\/script><img decoding=\"async\" src=\"https:\/\/eportal.chirurgie.upol.cz\/ebook\/wp-content\/uploads\/2023\/05\/blank.jpg\" style=\"width:100%;height:1px;\"><a href=\"https:\/\/eportal.chirurgie.upol.cz\/ebook\/?page_id=454\" class=\"zapati\" target=\"blank\" rel=\"noopener\">SOUVISEJ\u00cdC\u00cd VIDEOSEKVENCE >><\/a><img decoding=\"async\" src=\"https:\/\/eportal.chirurgie.upol.cz\/ebook\/wp-content\/uploads\/2023\/05\/blank.jpg\" style=\"width:100%;height:1px;\"><\/div>\n","protected":false},"excerpt":{"rendered":"<p>Z\u00c1KLADN\u00cd V\u00ddKONY VE V\u0160EOBECN\u00c9 CHIRURGII Auto\u0159i:Miloslav Duda a kolektiv \u2192 ST\u00c1HNOUT ELEKTRONICKOU PUBLIKACI (*.PDF) \u2192 OTEV\u0158\u00cdT MATERI\u00c1LY V ELEARNINGOV\u00c9M PORT\u00c1LU SOUVISEJ\u00cdC\u00cd VIDEOSEKVENCE >><\/p>\n","protected":false},"author":1,"featured_media":279,"parent":25,"menu_order":1,"comment_status":"closed","ping_status":"closed","template":"","meta":{"footnotes":""},"class_list":["post-2","page","type-page","status-publish","has-post-thumbnail","hentry"],"_links":{"self":[{"href":"https:\/\/eportal.chirurgie.upol.cz\/ebook\/index.php?rest_route=\/wp\/v2\/pages\/2","targetHints":{"allow":["GET"]}}],"collection":[{"href":"https:\/\/eportal.chirurgie.upol.cz\/ebook\/index.php?rest_route=\/wp\/v2\/pages"}],"about":[{"href":"https:\/\/eportal.chirurgie.upol.cz\/ebook\/index.php?rest_route=\/wp\/v2\/types\/page"}],"author":[{"embeddable":true,"href":"https:\/\/eportal.chirurgie.upol.cz\/ebook\/index.php?rest_route=\/wp\/v2\/users\/1"}],"replies":[{"embeddable":true,"href":"https:\/\/eportal.chirurgie.upol.cz\/ebook\/index.php?rest_route=%2Fwp%2Fv2%2Fcomments&post=2"}],"version-history":[{"count":38,"href":"https:\/\/eportal.chirurgie.upol.cz\/ebook\/index.php?rest_route=\/wp\/v2\/pages\/2\/revisions"}],"predecessor-version":[{"id":535,"href":"https:\/\/eportal.chirurgie.upol.cz\/ebook\/index.php?rest_route=\/wp\/v2\/pages\/2\/revisions\/535"}],"up":[{"embeddable":true,"href":"https:\/\/eportal.chirurgie.upol.cz\/ebook\/index.php?rest_route=\/wp\/v2\/pages\/25"}],"wp:featuredmedia":[{"embeddable":true,"href":"https:\/\/eportal.chirurgie.upol.cz\/ebook\/index.php?rest_route=\/wp\/v2\/media\/279"}],"wp:attachment":[{"href":"https:\/\/eportal.chirurgie.upol.cz\/ebook\/index.php?rest_route=%2Fwp%2Fv2%2Fmedia&parent=2"}],"curies":[{"name":"wp","href":"https:\/\/api.w.org\/{rel}","templated":true}]}}