{"id":454,"date":"2023-05-14T13:42:44","date_gmt":"2023-05-14T13:42:44","guid":{"rendered":"https:\/\/eportal.chirurgie.upol.cz\/ebook\/?page_id=454"},"modified":"2023-05-15T07:19:56","modified_gmt":"2023-05-15T07:19:56","slug":"dostupne-videosekvence","status":"publish","type":"page","link":"https:\/\/eportal.chirurgie.upol.cz\/ebook\/?page_id=454","title":{"rendered":"Dostupn\u00e9 videosekvence"},"content":{"rendered":"<ul style=\"list-style-type: square;\">\n<li id=\"dpge1158\" class=\"clip\"><a id=\"spge17\" class=\"node\" title=\"Video 1 Laparoskopick\u00e1 operace paraezofage\u00e1ln\u00ed hernie\" href=\"https:\/\/eportal.chirurgie.upol.cz\/portal_final\/?page_id=3317\">Video 1 Laparoskopick\u00e1 operace paraezofage\u00e1ln\u00ed hernie<\/a><\/li>\n<li class=\"clip\"><a id=\"spge111\" class=\"node\" title=\"Video 2\u00a0Laparoskopick\u00e1 fundoplikace pro refluxn\u00ed nemoc j\u00edcnu\" href=\"https:\/\/eportal.chirurgie.upol.cz\/portal_final\/?page_id=3326\">Video 2\u00a0Laparoskopick\u00e1 fundoplikace pro refluxn\u00ed nemoc j\u00edcnu<\/a><\/li>\n<li class=\"clip\"><a id=\"spge115\" class=\"node\" title=\"Video 3 Laparoskopick\u00e1 ezofagokardi\u00e1ln\u00ed myotomie u ezofagokardi\u00e1ln\u00ed achal\u00e1zie\" href=\"https:\/\/eportal.chirurgie.upol.cz\/portal_final\/?page_id=3351\">Video 3 Laparoskopick\u00e1 ezofagokardi\u00e1ln\u00ed myotomie u ezofagokardi\u00e1ln\u00ed achal\u00e1zie<\/a><\/li>\n<li class=\"clip\"><a id=\"spge119\" class=\"node\" title=\"Video 4 Torakoskopick\u00e1 enukleace leomyomu j\u00edcnu\" href=\"https:\/\/eportal.chirurgie.upol.cz\/portal_final\/?page_id=3357\">Video 4 Torakoskopick\u00e1 enukleace leomyomu j\u00edcnu<\/a><\/li>\n<li class=\"clip\"><a id=\"spge126\" class=\"node\" title=\"Video 5 Rtg pas\u00e1\u017e u karcinomu st\u0159edn\u00edho j\u00edcnu\" href=\"https:\/\/eportal.chirurgie.upol.cz\/portal_final\/?page_id=3363\">Video 5 Rtg pas\u00e1\u017e u karcinomu st\u0159edn\u00edho j\u00edcnu<\/a><\/li>\n<li class=\"clip\"><a id=\"spge129\" class=\"node\" title=\"Video 6 Rtg pas\u00e1\u017e u karcinomu doln\u00edho j\u00edcnu\" href=\"https:\/\/eportal.chirurgie.upol.cz\/portal_final\/?page_id=3368\">Video 6 Rtg pas\u00e1\u017e u karcinomu doln\u00edho j\u00edcnu<\/a><\/li>\n<li class=\"clip\"><a id=\"spge132\" class=\"node\" title=\"Video 7 Rtg pas\u00e1\u017e \u017ealude\u010dn\u00edm tubusem po n\u00e1hrad\u011b j\u00edcnu\" href=\"https:\/\/eportal.chirurgie.upol.cz\/portal_final\/?page_id=3373\">Video 7 Rtg pas\u00e1\u017e \u017ealude\u010dn\u00edm tubusem po n\u00e1hrad\u011b j\u00edcnu<\/a><\/li>\n<li class=\"clip\"><a id=\"spge135\" class=\"node\" title=\"Video 8 Torakoskopick\u00e1 mobilizace karcinomu hrudn\u00edho j\u00edcnu\" href=\"https:\/\/eportal.chirurgie.upol.cz\/portal_final\/?page_id=3376\">Video 8 Torakoskopick\u00e1 mobilizace karcinomu hrudn\u00edho j\u00edcnu<\/a><\/li>\n<li class=\"clip\"><a id=\"spge138\" class=\"node\" title=\"Video 9 Zav\u00e1d\u011bn\u00ed j\u00edcnov\u00e9ho stentu pod rtg kontrolou u karcinomu st\u0159edn\u00edho j\u00edcnu\" href=\"https:\/\/eportal.chirurgie.upol.cz\/portal_final\/?page_id=3378\">Video 9 Zav\u00e1d\u011bn\u00ed j\u00edcnov\u00e9ho stentu pod rtg kontrolou u karcinomu st\u0159edn\u00edho j\u00edcnu<\/a><\/li>\n<li class=\"clip\"><a id=\"spge144\" class=\"node\" title=\"Video 10 Rtg pas\u00e1\u017e j\u00edcnem u striktury po polept\u00e1n\u00ed louhem v horn\u00ed \u010d\u00e1sti hrudn\u00edho j\u00edcnu\" href=\"https:\/\/eportal.chirurgie.upol.cz\/portal_final\/?page_id=3383\">Video 10 Rtg pas\u00e1\u017e j\u00edcnem u striktury po polept\u00e1n\u00ed louhem v horn\u00ed \u010d\u00e1sti hrudn\u00edho j\u00edcnu<\/a><\/li>\n<li class=\"clip\"><a id=\"spge146\" class=\"node\" title=\"Video 11 Rtg pas\u00e1\u017e po by-passu tlust\u00fdm st\u0159evem, horn\u00ed \u010d\u00e1st koloplastiky s ezofagokolickou anastom\u00f3zou\" href=\"https:\/\/eportal.chirurgie.upol.cz\/portal_final\/?page_id=3417\">Video 11 Rtg pas\u00e1\u017e po by-passu tlust\u00fdm st\u0159evem, horn\u00ed \u010d\u00e1st koloplastiky s ezofagokolick&#8230;<\/a><\/li>\n<li class=\"clip\"><a id=\"spge148\" class=\"node\" title=\"Video 12 Rtg pas\u00e1\u017e po by-passu tlust\u00fdm st\u0159evem, doln\u00ed \u010d\u00e1st koloplastiky s kologastrickou anastom\u00f3zou\" href=\"https:\/\/eportal.chirurgie.upol.cz\/portal_final\/?page_id=3421\">Video 12 Rtg pas\u00e1\u017e po by-passu tlust\u00fdm st\u0159evem, doln\u00ed \u010d\u00e1st koloplastiky s kologastricko&#8230;<\/a><\/li>\n<li class=\"clip\"><a id=\"spge150\" class=\"node\" title=\"Video 13 Torakoskopick\u00e9 odstran\u011bn\u00ed hrudn\u00edho divertiklu\" href=\"https:\/\/eportal.chirurgie.upol.cz\/portal_final\/?page_id=3426\">Video 13 Torakoskopick\u00e9 odstran\u011bn\u00ed hrudn\u00edho divertiklu<\/a><\/li>\n<li class=\"clip\"><a id=\"spge152\" class=\"node\" title=\"Video 14 Transhiat\u00e1ln\u00ed odstran\u011bn\u00ed epifren\u00e1ln\u00edho divertiklu\" href=\"https:\/\/eportal.chirurgie.upol.cz\/portal_final\/?page_id=3432\">Video 14 Transhiat\u00e1ln\u00ed odstran\u011bn\u00ed epifren\u00e1ln\u00edho divertiklu<\/a><\/li>\n<li class=\"clip\"><a id=\"spge158\" class=\"node\" title=\"Video 15 Exstirpace benign\u00edho tumoru hrudn\u00edho j\u00edcnu (GIST)\" href=\"https:\/\/eportal.chirurgie.upol.cz\/portal_final\/?page_id=3435\">Video 15 Exstirpace benign\u00edho tumoru hrudn\u00edho j\u00edcnu (GIST)<\/a><\/li>\n<li class=\"clip\"><a id=\"spge160\" class=\"node\" title=\"Video 16 Operace hi\u00e1tov\u00e9 hernie\" href=\"https:\/\/eportal.chirurgie.upol.cz\/portal_final\/?page_id=3438\">Video 16 Operace hi\u00e1tov\u00e9 hernie<\/a><\/li>\n<li class=\"clip\"><a id=\"spge162\" class=\"node\" title=\"Video 17 Ezofagokardiomyotomie s Doorovou semifunkdoplikac\u00ed\" href=\"https:\/\/eportal.chirurgie.upol.cz\/portal_final\/?page_id=3442\">Video 17 Ezofagokardiomyotomie s Doorovou semifunkdoplikac\u00ed<\/a><\/li>\n<li class=\"clip\"><a id=\"spge164\" class=\"node\" title=\"Video 18 Endoskopick\u00e1 mukozektomie u Barrettova j\u00edcnu\" href=\"https:\/\/eportal.chirurgie.upol.cz\/portal_final\/?page_id=3448\">Video 18 Endoskopick\u00e1 mukozektomie u Barrettova j\u00edcnu<\/a><\/li>\n<li class=\"clip\"><a id=\"spge166\" class=\"node\" title=\"Video 19 Laparoskopick\u00e9 transhiat\u00e1ln\u00ed odstran\u011bn\u00ed j\u00edcnu \u2013 alternativa ezofagektomie bez torakotomie\" href=\"https:\/\/eportal.chirurgie.upol.cz\/portal_final\/?page_id=3451\">Video 19 Laparoskopick\u00e9 transhiat\u00e1ln\u00ed odstran\u011bn\u00ed j\u00edcnu \u2013 alternativa ezofagektomie bez &#8230;<\/a><\/li>\n<li class=\"clip\"><a id=\"spge171\" class=\"node\" title=\"Video 20 Miniinvazivn\u00ed o\u0161et\u0159en\u00ed Zenkerova divertiklu\" href=\"https:\/\/eportal.chirurgie.upol.cz\/portal_final\/?page_id=3456\">Video 20 Miniinvazivn\u00ed o\u0161et\u0159en\u00ed Zenkerova divertiklu<\/a><\/li>\n<li class=\"clip\"><a id=\"spge172\" class=\"node\" title=\"Video 21 Pl\u00e9ni\u00e9sovo znamen\u00ed\" href=\"https:\/\/eportal.chirurgie.upol.cz\/portal_final\/?page_id=4987\">Video 21 Pl\u00e9ni\u00e9sovo znamen\u00ed<\/a><\/li>\n<li class=\"clip\"><a id=\"spge173\" class=\"node\" title=\"Video 22 Miniinvazivn\u00ed o\u0161et\u0159en\u00ed Zenkerova divertiklu\" href=\"https:\/\/eportal.chirurgie.upol.cz\/portal_final\/?page_id=4993\">Video 22 Miniinvazivn\u00ed o\u0161et\u0159en\u00ed Zenkerova divertiklu<\/a><\/li>\n<li class=\"clip\"><a id=\"spge174\" class=\"node\" title=\"Video 23 Rektoskopie\" href=\"https:\/\/eportal.chirurgie.upol.cz\/portal_final\/?page_id=4995\">Video 23 Rektoskopie<\/a><\/li>\n<li class=\"clip\"><a id=\"spge175\" class=\"node\" title=\"Video 24 Endoskopick\u00fd n\u00e1lez u reflexn\u00ed nemoci j\u00edcnu\" href=\"https:\/\/eportal.chirurgie.upol.cz\/portal_final\/?page_id=4997\">Video 24 Endoskopick\u00fd n\u00e1lez u reflexn\u00ed nemoci j\u00edcnu<\/a><\/li>\n<li class=\"clip\"><a id=\"spge179\" class=\"node\" title=\"Video 25 Endoskopick\u00fd n\u00e1lez ezofagitidy s v\u0159edem j\u00edcnu\" href=\"https:\/\/eportal.chirurgie.upol.cz\/portal_final\/?page_id=5000\">Video 25 Endoskopick\u00fd n\u00e1lez ezofagitidy s v\u0159edem j\u00edcnu<\/a><\/li>\n<li class=\"clip\"><a id=\"spge181\" class=\"node\" title=\"Video 26 Endoskopick\u00fd n\u00e1lez divertiklu j\u00edcnu\" href=\"https:\/\/eportal.chirurgie.upol.cz\/portal_final\/?page_id=5003\">Video 26 Endoskopick\u00fd n\u00e1lez divertiklu j\u00edcnu<\/a><\/li>\n<li class=\"clip\"><a id=\"spge182\" class=\"node\" title=\"Video 27 Endoskopick\u00fd n\u00e1lez Barrettova j\u00edcnu\" href=\"https:\/\/eportal.chirurgie.upol.cz\/portal_final\/?page_id=5006\">Video 27 Endoskopick\u00fd n\u00e1lez Barrettova j\u00edcnu<\/a><\/li>\n<li class=\"clip\"><a id=\"spge183\" class=\"node\" title=\"Video 28 Endoskopick\u00fd n\u00e1lez j\u00edcnov\u00fdch varix\u016f\" href=\"https:\/\/eportal.chirurgie.upol.cz\/portal_final\/?page_id=5012\">Video 28 Endoskopick\u00fd n\u00e1lez j\u00edcnov\u00fdch varix\u016f<\/a><\/li>\n<li class=\"clip\"><a id=\"spge184\" class=\"node\" title=\"Video 29 Endoskopick\u00fd n\u00e1lez gastritidy\" href=\"https:\/\/eportal.chirurgie.upol.cz\/portal_final\/?page_id=5015\">Video 29 Endoskopick\u00fd n\u00e1lez gastritidy<\/a><\/li>\n<li class=\"clip\"><a id=\"spge190\" class=\"node\" title=\"Video 30 Endoskopick\u00fd n\u00e1lez polypu \u017ealudku\" href=\"https:\/\/eportal.chirurgie.upol.cz\/portal_final\/?page_id=5017\">Video 30 Endoskopick\u00fd n\u00e1lez polypu \u017ealudku<\/a><\/li>\n<li class=\"clip\"><a id=\"spge191\" class=\"node\" title=\"Video 31 Endoskopick\u00e1 polypektomie subkardi\u00e1ln\u00edho polypu \u017ealudku\" href=\"https:\/\/eportal.chirurgie.upol.cz\/portal_final\/?page_id=5021\">Video 31 Endoskopick\u00e1 polypektomie subkardi\u00e1ln\u00edho polypu \u017ealudku<\/a><\/li>\n<li class=\"clip\"><a id=\"spge192\" class=\"node\" title=\"Video 32 Endoskopick\u00fd n\u00e1lez tumoru kardie\" href=\"https:\/\/eportal.chirurgie.upol.cz\/portal_final\/?page_id=5023\">Video 32 Endoskopick\u00fd n\u00e1lez tumoru kardie<\/a><\/li>\n<li class=\"clip\"><a id=\"spge193\" class=\"node\" title=\"Video 33 Chirurgick\u00e9 myt\u00ed rukou\" href=\"https:\/\/eportal.chirurgie.upol.cz\/portal_final\/?page_id=5025\">Video 33 Chirurgick\u00e9 myt\u00ed rukou<\/a><\/li>\n<li class=\"clip\"><a id=\"spge194\" class=\"node\" title=\"Video 34 Odrou\u0161kov\u00e1n\u00ed opera\u010dn\u00edho pole (Odrou\u0161kov\u00e1n\u00ed pl\u00edce)\" href=\"https:\/\/eportal.chirurgie.upol.cz\/portal_final\/?page_id=5027\">Video 34 Odrou\u0161kov\u00e1n\u00ed opera\u010dn\u00edho pole (Odrou\u0161kov\u00e1n\u00ed pl\u00edce)<\/a><\/li>\n<li class=\"clip\"><a id=\"spge198\" class=\"node\" title=\"Video 35 N\u00e1t\u011br opera\u010dn\u00edho pole\" href=\"https:\/\/eportal.chirurgie.upol.cz\/portal_final\/?page_id=5029\">Video 35 N\u00e1t\u011br opera\u010dn\u00edho pole<\/a><\/li>\n<li class=\"clip\"><a id=\"spge199\" class=\"node\" title=\"Video 36 N\u00e1t\u011br opera\u010dn\u00edho pole II.\" href=\"https:\/\/eportal.chirurgie.upol.cz\/portal_final\/?page_id=5033\">Video 36 N\u00e1t\u011br opera\u010dn\u00edho pole II.<\/a><\/li>\n<li class=\"clip\"><a id=\"spge1100\" class=\"node\" title=\"Video 37 Ambulantn\u00ed p\u0159\u00edprava m\u00edsta incise\" href=\"https:\/\/eportal.chirurgie.upol.cz\/portal_final\/?page_id=5035\">Video 37 Ambulantn\u00ed p\u0159\u00edprava m\u00edsta incise<\/a><\/li>\n<li class=\"clip\"><a id=\"spge1101\" class=\"node\" title=\"Video 38 Obalov\u00e9 materi\u00e1ly \u2013 Lukasterik\" href=\"https:\/\/eportal.chirurgie.upol.cz\/portal_final\/?page_id=5037\">Video 38 Obalov\u00e9 materi\u00e1ly \u2013 Lukasterik<\/a><\/li>\n<li class=\"clip\"><a id=\"spge1102\" class=\"node\" title=\"Video 39 V\u00fdplach oment\u00e1ln\u00ed burzy p\u0159i operaci pro akutn\u00ed nekrotizuj\u00edc\u00ed pankreatitidu\" href=\"https:\/\/eportal.chirurgie.upol.cz\/portal_final\/?page_id=5040\">Video 39 V\u00fdplach oment\u00e1ln\u00ed burzy p\u0159i operaci pro akutn\u00ed nekrotizuj\u00edc\u00ed pankreatitidu<\/a><\/li>\n<li class=\"clip\"><a id=\"spge1106\" class=\"node\" title=\"Video 40 Uz\u00e1v\u011br laparotomie\" href=\"https:\/\/eportal.chirurgie.upol.cz\/portal_final\/?page_id=5042\">Video 40 Uz\u00e1v\u011br laparotomie<\/a><\/li>\n<li class=\"clip\"><a id=\"spge1107\" class=\"node\" title=\"Video 41 Laparoskopick\u00e1 resekce st\u0159eva, uk\u00e1zka sutury st\u0159evn\u00ed st\u011bny\" href=\"https:\/\/eportal.chirurgie.upol.cz\/portal_final\/?page_id=5045\">Video 41 Laparoskopick\u00e1 resekce st\u0159eva, uk\u00e1zka sutury st\u0159evn\u00ed st\u011bny<\/a><\/li>\n<li class=\"clip\"><a id=\"spge1108\" class=\"node\" title=\"Video 42 Extrakce Redonova dr\u00e9nu\" href=\"https:\/\/eportal.chirurgie.upol.cz\/portal_final\/?page_id=5047\">Video 42 Extrakce Redonova dr\u00e9nu<\/a><\/li>\n<li class=\"clip\"><a id=\"spge1109\" class=\"node\" title=\"Video 43 Laparoskopick\u00e1 apendektomie metodou \u201eOUT\u201c (podvaz a odstran\u011bn\u00ed apendixu p\u0159ed st\u011bnou b\u0159i\u0161n\u00ed)\" href=\"https:\/\/eportal.chirurgie.upol.cz\/portal_final\/?page_id=5050\">Video 43 Laparoskopick\u00e1 apendektomie metodou \u201eOUT\u201c (podvaz a odstran\u011bn\u00ed apendixu p\u0159ed &#8230;<\/a><\/li>\n<li class=\"clip\"><a id=\"spge1110\" class=\"node\" title=\"Video 44 Laparoskopick\u00e1 cholecystektomie\" href=\"https:\/\/eportal.chirurgie.upol.cz\/portal_final\/?page_id=5053\">Video 44 Laparoskopick\u00e1 cholecystektomie<\/a><\/li>\n<li class=\"clip\"><a id=\"spge1114\" class=\"node\" title=\"Video 45 Laparoskopick\u00e9 o\u0161et\u0159en\u00ed perforovan\u00e9ho v\u0159edu \u017ealudku\" href=\"https:\/\/eportal.chirurgie.upol.cz\/portal_final\/?page_id=5055\">Video 45 Laparoskopick\u00e9 o\u0161et\u0159en\u00ed perforovan\u00e9ho v\u0159edu \u017ealudku<\/a><\/li>\n<li class=\"clip\"><a id=\"spge1115\" class=\"node\" title=\"Video 46 Torakoskopie \u2013 izolace vena azygos a bifurkace trachey\" href=\"https:\/\/eportal.chirurgie.upol.cz\/portal_final\/?page_id=5057\">Video 46 Torakoskopie \u2013 izolace vena azygos a bifurkace trachey<\/a><\/li>\n<li class=\"clip\"><a id=\"spge1116\" class=\"node\" title=\"Video 47 Peropera\u010dn\u00ed ultrasonografie p\u0159i laparoskopii\" href=\"https:\/\/eportal.chirurgie.upol.cz\/portal_final\/?page_id=5062\">Video 47 Peropera\u010dn\u00ed ultrasonografie p\u0159i laparoskopii<\/a><\/li>\n<li class=\"clip\"><a id=\"spge1117\" class=\"node\" title=\"Video 48 Extrakce steh\u016f\" href=\"https:\/\/eportal.chirurgie.upol.cz\/portal_final\/?page_id=5064\">Video 48 Extrakce steh\u016f<\/a><\/li>\n<li class=\"clip\"><a id=\"spge1118\" class=\"node\" title=\"Video 49 Ablace nehtu\" href=\"https:\/\/eportal.chirurgie.upol.cz\/portal_final\/?page_id=5066\">Video 49 Ablace nehtu<\/a><\/li>\n<li class=\"clip\"><a id=\"spge1121\" class=\"node\" title=\"Video 50 O\u0161et\u0159en\u00ed abscesu glute\u00e1ln\u00ed krajiny\" href=\"https:\/\/eportal.chirurgie.upol.cz\/portal_final\/?page_id=5069\">Video 50 O\u0161et\u0159en\u00ed abscesu glute\u00e1ln\u00ed krajiny<\/a><\/li>\n<li class=\"clip\"><a id=\"spge1123\" class=\"node\" title=\"Video 51 O\u0161et\u0159en\u00ed flegm\u00f3ny b\u00e9rce, stav po incizi abscedovan\u00e9ho varixu\" href=\"https:\/\/eportal.chirurgie.upol.cz\/portal_final\/?page_id=5071\">Video 51 O\u0161et\u0159en\u00ed flegm\u00f3ny b\u00e9rce, stav po incizi abscedovan\u00e9ho varixu<\/a><\/li>\n<li class=\"clip\"><a id=\"spge1124\" class=\"node\" title=\"Video 52 P\u0159evaz r\u00e1ny, p\u00ed\u0161t\u011bl v laparotomii\" href=\"https:\/\/eportal.chirurgie.upol.cz\/portal_final\/?page_id=5073\">Video 52 P\u0159evaz r\u00e1ny, p\u00ed\u0161t\u011bl v laparotomii<\/a><\/li>\n<li class=\"clip\"><a id=\"spge1125\" class=\"node\" title=\"Video 53 Incize abscesov\u00e9ho lo\u017eiska, chronick\u00e1 p\u00ed\u0161t\u011bl v laparotomii\" href=\"https:\/\/eportal.chirurgie.upol.cz\/portal_final\/?page_id=5075\">Video 53 Incize abscesov\u00e9ho lo\u017eiska, chronick\u00e1 p\u00ed\u0161t\u011bl v laparotomii<\/a><\/li>\n<li class=\"clip\"><a id=\"spge1126\" class=\"node\" title=\"Video 54 O\u0161et\u0159en\u00ed panaricia\" href=\"https:\/\/eportal.chirurgie.upol.cz\/portal_final\/?page_id=5077\">Video 54 O\u0161et\u0159en\u00ed panaricia<\/a><\/li>\n<li class=\"clip\"><a id=\"spge1128\" class=\"node\" title=\"Video 55 Exscize ko\u017en\u00edho fibromu\" href=\"https:\/\/eportal.chirurgie.upol.cz\/portal_final\/?page_id=5079\">Video 55 Exscize ko\u017en\u00edho fibromu<\/a><\/li>\n<li class=\"clip\"><a id=\"spge1129\" class=\"node\" title=\"Video 56 Exscize z v\u0159edov\u00e9 l\u00e9ze\" href=\"https:\/\/eportal.chirurgie.upol.cz\/portal_final\/?page_id=5081\">Video 56 Exscize z v\u0159edov\u00e9 l\u00e9ze<\/a><\/li>\n<li class=\"clip\"><a id=\"spge1130\" class=\"node\" title=\"Video 57 Exstirpace uzliny\" href=\"https:\/\/eportal.chirurgie.upol.cz\/portal_final\/?page_id=5083\">Video 57 Exstirpace uzliny<\/a><\/li>\n<li class=\"clip\"><a id=\"spge1131\" class=\"node\" title=\"Video 58 Zaveden\u00ed mo\u010dov\u00e9ho katetru u mu\u017ee\" href=\"https:\/\/eportal.chirurgie.upol.cz\/portal_final\/?page_id=5085\">Video 58 Zaveden\u00ed mo\u010dov\u00e9ho katetru u mu\u017ee<\/a><\/li>\n<li class=\"clip\"><a id=\"spge1132\" class=\"node\" title=\"Video 59 P\u0159\u00edprava operat\u00e9ra \u2013 myt\u00ed rukou\" href=\"https:\/\/eportal.chirurgie.upol.cz\/portal_final\/?page_id=5087\">Video 59 P\u0159\u00edprava operat\u00e9ra \u2013 myt\u00ed rukou<\/a><\/li>\n<li class=\"clip\"><a id=\"spge1134\" class=\"node\" title=\"Video 60 P\u0159\u00edprava operat\u00e9ra \u2013 oble\u010den\u00ed emp\u00edru\" href=\"https:\/\/eportal.chirurgie.upol.cz\/portal_final\/?page_id=5089\">Video 60 P\u0159\u00edprava operat\u00e9ra \u2013 oble\u010den\u00ed emp\u00edru<\/a><\/li>\n<li class=\"clip\"><a id=\"spge1135\" class=\"node\" title=\"Video 61 P\u0159\u00edprava operat\u00e9ra \u2013 nasazen\u00ed steriln\u00edch rukavic\" href=\"https:\/\/eportal.chirurgie.upol.cz\/portal_final\/?page_id=5091\">Video 61 P\u0159\u00edprava operat\u00e9ra \u2013 nasazen\u00ed steriln\u00edch rukavic<\/a><\/li>\n<li class=\"clip\"><a id=\"spge1136\" class=\"node\" title=\"Video 62 Odrou\u0161kov\u00e1n\u00ed opera\u010dn\u00edho pole\" href=\"https:\/\/eportal.chirurgie.upol.cz\/portal_final\/?page_id=5094\">Video 62 Odrou\u0161kov\u00e1n\u00ed opera\u010dn\u00edho pole<\/a><\/li>\n<li class=\"clip\"><a id=\"spge1137\" class=\"node\" title=\"Video 63 N\u00e1t\u011br opera\u010dn\u00edho pole\" href=\"https:\/\/eportal.chirurgie.upol.cz\/portal_final\/?page_id=5096\">Video 63 N\u00e1t\u011br opera\u010dn\u00edho pole<\/a><\/li>\n<li class=\"clip\"><a id=\"spge1138\" class=\"node\" title=\"Video 64 Zaveden\u00ed mo\u010dov\u00e9ho katetru\" href=\"https:\/\/eportal.chirurgie.upol.cz\/portal_final\/?page_id=5098\">Video 64 Zaveden\u00ed mo\u010dov\u00e9ho katetru<\/a><\/li>\n<li class=\"clip\"><a id=\"spge1140\" class=\"node\" title=\"Video 65 Zaveden\u00ed mo\u010dov\u00e9ho katetru na opera\u010dn\u00edm s\u00e1le\" href=\"https:\/\/eportal.chirurgie.upol.cz\/portal_final\/?page_id=5101\">Video 65 Zaveden\u00ed mo\u010dov\u00e9ho katetru na opera\u010dn\u00edm s\u00e1le<\/a><\/li>\n<li class=\"clip\"><a id=\"spge1141\" class=\"node\" title=\"Video 66 Extrakce Redonova dr\u00e9nu\" href=\"https:\/\/eportal.chirurgie.upol.cz\/portal_final\/?page_id=5103\">Video 66 Extrakce Redonova dr\u00e9nu<\/a><\/li>\n<li class=\"clip\"><a id=\"spge1142\" class=\"node\" title=\"Video 67 Extrakce steh\u016f\" href=\"https:\/\/eportal.chirurgie.upol.cz\/portal_final\/?page_id=5106\">Video 67 Extrakce steh\u016f<\/a><\/li>\n<li class=\"clip\"><a id=\"spge1143\" class=\"node\" title=\"Video 68 Phlegmona b\u00e9rce \u2013 o\u0161et\u0159en\u00ed\" href=\"https:\/\/eportal.chirurgie.upol.cz\/portal_final\/?page_id=5108\">Video 68 Phlegmona b\u00e9rce \u2013 o\u0161et\u0159en\u00ed<\/a><\/li>\n<li class=\"clip\"><a id=\"spge1144\" class=\"node\" title=\"Video 69 O\u0161et\u0159en\u00ed glute\u00e1ln\u00edho abscesu\" href=\"https:\/\/eportal.chirurgie.upol.cz\/portal_final\/?page_id=5110\">Video 69 O\u0161et\u0159en\u00ed glute\u00e1ln\u00edho abscesu<\/a><\/li>\n<li class=\"clip\"><a id=\"spge1146\" class=\"node\" title=\"Video 70 O\u0161et\u0159en\u00ed hnisav\u00e9 p\u00ed\u0161t\u011ble\" href=\"https:\/\/eportal.chirurgie.upol.cz\/portal_final\/?page_id=5113\">Video 70 O\u0161et\u0159en\u00ed hnisav\u00e9 p\u00ed\u0161t\u011ble<\/a><\/li>\n<li class=\"clip\"><a id=\"spge1147\" class=\"node\" title=\"Video 71 Gangrena hummida\" href=\"https:\/\/eportal.chirurgie.upol.cz\/portal_final\/?page_id=5143\">Video 71 Gangrena hummida<\/a><\/li>\n<li class=\"clip\"><a id=\"spge1148\" class=\"node\" title=\"Video 72 Mumifikace\" href=\"https:\/\/eportal.chirurgie.upol.cz\/portal_final\/?page_id=5147\">Video 72 Mumifikace<\/a><\/li>\n<li class=\"clip\"><a id=\"spge1149\" class=\"node\" title=\"Video 73 Lav\u00e1\u017e dutiny b\u0159i\u0161n\u00ed\" href=\"https:\/\/eportal.chirurgie.upol.cz\/portal_final\/?page_id=5150\">Video 73 Lav\u00e1\u017e dutiny b\u0159i\u0161n\u00ed<\/a><\/li>\n<li class=\"clip\"><a id=\"spge1150\" class=\"node\" title=\"Video 74 Appendektomie gangrenosn\u00edho \u010derva\" href=\"https:\/\/eportal.chirurgie.upol.cz\/portal_final\/?page_id=5152\">Video 74 Appendektomie gangrenosn\u00edho \u010derva<\/a><\/li>\n<li class=\"clip\"><a id=\"spge1152\" class=\"node\" title=\"Video 75 Absces j\u00edcnu\" href=\"https:\/\/eportal.chirurgie.upol.cz\/portal_final\/?page_id=5155\">Video 75 Absces j\u00edcnu<\/a><\/li>\n<\/ul>\n","protected":false},"excerpt":{"rendered":"<p>Video 1 Laparoskopick\u00e1 operace paraezofage\u00e1ln\u00ed hernie Video 2\u00a0Laparoskopick\u00e1 fundoplikace pro refluxn\u00ed nemoc j\u00edcnu Video 3 Laparoskopick\u00e1 ezofagokardi\u00e1ln\u00ed myotomie u ezofagokardi\u00e1ln\u00ed achal\u00e1zie Video 4 Torakoskopick\u00e1 enukleace leomyomu j\u00edcnu Video 5 Rtg pas\u00e1\u017e u karcinomu st\u0159edn\u00edho j\u00edcnu Video 6 Rtg pas\u00e1\u017e u karcinomu doln\u00edho j\u00edcnu Video 7 Rtg pas\u00e1\u017e \u017ealude\u010dn\u00edm tubusem po &hellip;<\/p>\n","protected":false},"author":1,"featured_media":0,"parent":0,"menu_order":0,"comment_status":"closed","ping_status":"closed","template":"","meta":{"footnotes":""},"class_list":["post-454","page","type-page","status-publish","hentry"],"_links":{"self":[{"href":"https:\/\/eportal.chirurgie.upol.cz\/ebook\/index.php?rest_route=\/wp\/v2\/pages\/454","targetHints":{"allow":["GET"]}}],"collection":[{"href":"https:\/\/eportal.chirurgie.upol.cz\/ebook\/index.php?rest_route=\/wp\/v2\/pages"}],"about":[{"href":"https:\/\/eportal.chirurgie.upol.cz\/ebook\/index.php?rest_route=\/wp\/v2\/types\/page"}],"author":[{"embeddable":true,"href":"https:\/\/eportal.chirurgie.upol.cz\/ebook\/index.php?rest_route=\/wp\/v2\/users\/1"}],"replies":[{"embeddable":true,"href":"https:\/\/eportal.chirurgie.upol.cz\/ebook\/index.php?rest_route=%2Fwp%2Fv2%2Fcomments&post=454"}],"version-history":[{"count":6,"href":"https:\/\/eportal.chirurgie.upol.cz\/ebook\/index.php?rest_route=\/wp\/v2\/pages\/454\/revisions"}],"predecessor-version":[{"id":550,"href":"https:\/\/eportal.chirurgie.upol.cz\/ebook\/index.php?rest_route=\/wp\/v2\/pages\/454\/revisions\/550"}],"wp:attachment":[{"href":"https:\/\/eportal.chirurgie.upol.cz\/ebook\/index.php?rest_route=%2Fwp%2Fv2%2Fmedia&parent=454"}],"curies":[{"name":"wp","href":"https:\/\/api.w.org\/{rel}","templated":true}]}}