{"id":9,"date":"2012-09-19T06:01:10","date_gmt":"2012-09-19T06:01:10","guid":{"rendered":"http:\/\/eportal.chirurgie.upol.cz\/ebook\/?page_id=9"},"modified":"2023-05-15T06:14:46","modified_gmt":"2023-05-15T06:14:46","slug":"jicen","status":"publish","type":"page","link":"https:\/\/eportal.chirurgie.upol.cz\/ebook\/?page_id=9","title":{"rendered":"Chirurgie j\u00edcnu"},"content":{"rendered":"<div class=\"card-individual\">\n<h3 class=\"titulek-fotka\"  style=\"color:#ffffff;\">CHIRURGIE J\u00cdCNU<\/h3>\n<h6 class=\"zamereni\">Auto\u0159i:<br \/>Miloslav Duda a kolektiv<\/h6>\n<p><a style=\"text-decoration: none;\" href=\"https:\/\/eportal.chirurgie.upol.cz\/ebook\/wp-content\/uploads\/2023\/05\/jicen_chirurgie__.pdf\" target=\"_blank\" rel=\"noopener\">\u2192 ST\u00c1HNOUT ELEKTRONICKOU PUBLIKACI <i>(*.PDF)<\/i><\/a><br \/>\n<a style=\"text-decoration: none;\" href=\"http:\/\/eportal.chirurgie.upol.cz\/portal_final\/?page_id=65\" target=\"_blank\" rel=\"noopener\">\u2192 OTEV\u0158\u00cdT MATERI\u00c1LY V ELEARNINGOV\u00c9M PORT\u00c1LU<\/a><br \/>\n<a  class=\"_3d-flip-book  fb3d-link-lightbox-mode\" data-id=\"225\" data-mode=\"link-lightbox\" data-title=\"false\" data-template=\"short-white-book-view\" data-lightbox=\"light-shadow\" data-urlparam=\"fb3d-page\" data-page-n=\"0\" data-pdf=\"\" data-tax=\"null\" data-thumbnail=\"\" data-cols=\"3\" data-book-template=\"default\" data-trigger=\"\">\n\u2192 3D N\u00c1HLED ELEKTRONICK\u00c9 PUBLIKACE<br \/><img decoding=\"async\" class=\"image-over-size\" title=\"Publikace CHIRURGIE J\u00cdCNU\" src=\"https:\/\/eportal.chirurgie.upol.cz\/ebook\/wp-content\/uploads\/2023\/05\/titulek_iiii1.jpg\"  style=\"width:200px;\"\/><\/a><script type=\"text\/javascript\">window.FB3D_CLIENT_DATA = window.FB3D_CLIENT_DATA || [];FB3D_CLIENT_DATA.push('eyJwb3N0cyI6eyIyMjUiOnsiSUQiOjIyNSwidGl0bGUiOiJDSElSVVJHSUUgSlx1MDBjZENOVSIsInR5cGUiOiJwZGYiLCJyZWFkeV9mdW5jdGlvbiI6IiIsImJvb2tfc3R5bGUiOiJmbGF0IiwiYm9va190ZW1wbGF0ZSI6Im5vbmUiLCJvdXRsaW5lIjpbXSwiZGF0YSI6eyJwb3N0X0lEIjoiNTUxIiwiZ3VpZCI6Imh0dHBzOlwvXC9lcG9ydGFsLmNoaXJ1cmdpZS51cG9sLmN6XC9lYm9va1wvd3AtY29udGVudFwvdXBsb2Fkc1wvMjAyM1wvMDVcL2ppY2VuX2NoaXJ1cmdpZV9fbGlua3MucGRmIiwicGRmX3BhZ2VzIjoiMjQ4IiwicGFnZXNfY3VzdG9taXphdGlvbiI6Im5vbmUifSwidGh1bWJuYWlsIjp7ImRhdGEiOnsicG9zdF9JRCI6IjAifSwidHlwZSI6ImF1dG8ifSwicHJvcHMiOnsiYmFja2dyb3VuZENvbG9yIjoiYXV0byIsImJhY2tncm91bmRJbWFnZSI6ImF1dG8iLCJiYWNrZ3JvdW5kU3R5bGUiOiJhdXRvIiwiaGlnaGxpZ2h0TGlua3MiOiJhdXRvIiwibGlnaHRpbmciOiJhdXRvIiwiY2FjaGVkUGFnZXMiOiJhdXRvIiwicmVuZGVySW5hY3RpdmVQYWdlcyI6ImF1dG8iLCJyZW5kZXJJbmFjdGl2ZVBhZ2VzT25Nb2JpbGUiOiJhdXRvIiwicmVuZGVyV2hpbGVGbGlwcGluZyI6ImF1dG8iLCJwcmVsb2FkUGFnZXMiOiJhdXRvIiwiYXV0b1BsYXlEdXJhdGlvbiI6ImF1dG8iLCJydGwiOiJhdXRvIiwiaW50ZXJhY3RpdmVDb3JuZXJzIjoiYXV0byIsIm1heERlcHRoIjoiYXV0byIsInNoZWV0Ijp7InN0YXJ0VmVsb2NpdHkiOiJhdXRvIiwid2F2ZSI6ImF1dG8iLCJzaGFwZSI6ImF1dG8iLCJ3aWR0aFRleGVscyI6ImF1dG8iLCJjb2xvciI6ImF1dG8iLCJzaWRlIjoiYXV0byIsImNvcm5lckRldmlhdGlvbiI6ImF1dG8iLCJmbGV4aWJpbGl0eSI6ImF1dG8iLCJmbGV4aWJsZUNvcm5lciI6ImF1dG8iLCJiZW5kaW5nIjoiYXV0byIsImhlaWdodFRleGVscyI6ImF1dG8ifSwiY292ZXIiOnsid2F2ZSI6ImF1dG8iLCJjb2xvciI6ImF1dG8iLCJzaWRlIjoiYXV0byIsImJpbmRlclRleHR1cmUiOiJhdXRvIiwiZGVwdGgiOiJhdXRvIiwicGFkZGluZyI6ImF1dG8iLCJzdGFydFZlbG9jaXR5IjoiYXV0byIsImZsZXhpYmlsaXR5IjoiYXV0byIsImZsZXhpYmxlQ29ybmVyIjoiYXV0byIsImJlbmRpbmciOiJhdXRvIiwid2lkdGhUZXhlbHMiOiJhdXRvIiwiaGVpZ2h0VGV4ZWxzIjoiYXV0byIsIm1hc3MiOiJhdXRvIiwic2hhcGUiOiJhdXRvIn0sInBhZ2UiOnsid2F2ZSI6ImF1dG8iLCJjb2xvciI6ImF1dG8iLCJzaWRlIjoiYXV0byIsImRlcHRoIjoiYXV0byIsInN0YXJ0VmVsb2NpdHkiOiJhdXRvIiwiZmxleGliaWxpdHkiOiJhdXRvIiwiZmxleGlibGVDb3JuZXIiOiJhdXRvIiwiYmVuZGluZyI6ImF1dG8iLCJ3aWR0aFRleGVscyI6ImF1dG8iLCJoZWlnaHRUZXhlbHMiOiJhdXRvIiwibWFzcyI6ImF1dG8iLCJzaGFwZSI6ImF1dG8ifSwiaGVpZ2h0IjoiYXV0byIsIndpZHRoIjoiYXV0byIsImdyYXZpdHkiOiJhdXRvIiwicGFnZXNGb3JQcmVkaWN0aW5nIjoiYXV0byJ9LCJjb250cm9sUHJvcHMiOnsiYWN0aW9ucyI6eyJjbWRUb2MiOnsiZW5hYmxlZCI6ImF1dG8iLCJlbmFibGVkSW5OYXJyb3ciOiJhdXRvIiwiYWN0aXZlIjoiYXV0byIsImRlZmF1bHRUYWIiOiJhdXRvIn0sImNtZEF1dG9QbGF5Ijp7ImVuYWJsZWQiOiJhdXRvIiwiZW5hYmxlZEluTmFycm93IjoiYXV0byIsImFjdGl2ZSI6ImF1dG8ifSwiY21kU2F2ZSI6eyJlbmFibGVkIjoiYXV0byIsImVuYWJsZWRJbk5hcnJvdyI6ImF1dG8ifSwiY21kUHJpbnQiOnsiZW5hYmxlZCI6ImF1dG8iLCJlbmFibGVkSW5OYXJyb3ciOiJhdXRvIn0sImNtZFNpbmdsZVBhZ2UiOnsiZW5hYmxlZCI6ImF1dG8iLCJlbmFibGVkSW5OYXJyb3ciOiJhdXRvIiwiYWN0aXZlIjoiYXV0byIsImFjdGl2ZUZvck1vYmlsZSI6ImF1dG8ifSwid2lkVG9vbGJhciI6eyJlbmFibGVkIjoiYXV0byIsImVuYWJsZWRJbk5hcnJvdyI6ImF1dG8ifX19LCJhdXRvVGh1bWJuYWlsIjoiaHR0cDpcL1wvZXBvcnRhbC5jaGlydXJnaWUudXBvbC5jelwvZWJvb2tcL3dwLWNvbnRlbnRcL3VwbG9hZHNcLzNkLWZsaXAtYm9va1wvYXV0by10aHVtYm5haWxzXC8yMjUucG5nIiwicG9zdF9uYW1lIjoiY2hpcnVyZ2llLWppY251IiwicG9zdF90eXBlIjoiM2QtZmxpcC1ib29rIn19LCJwYWdlcyI6W10sImZpcnN0UGFnZXMiOltdfQ==');window.FB3D_CLIENT_LOCALE && FB3D_CLIENT_LOCALE.render && FB3D_CLIENT_LOCALE.render();<\/script><img decoding=\"async\" src=\"https:\/\/eportal.chirurgie.upol.cz\/ebook\/wp-content\/uploads\/2023\/05\/blank.jpg\" style=\"width:100%;height:1px;\"><a href=\"https:\/\/eportal.chirurgie.upol.cz\/ebook\/?page_id=454\" class=\"zapati\" target=\"blank\" rel=\"noopener\">SOUVISEJ\u00cdC\u00cd VIDEOSEKVENCE >><\/a><img decoding=\"async\" src=\"https:\/\/eportal.chirurgie.upol.cz\/ebook\/wp-content\/uploads\/2023\/05\/blank.jpg\" style=\"width:100%;height:1px;\">\n<\/div>\n","protected":false},"excerpt":{"rendered":"<p>CHIRURGIE J\u00cdCNU Auto\u0159i:Miloslav Duda a kolektiv \u2192 ST\u00c1HNOUT ELEKTRONICKOU PUBLIKACI (*.PDF) \u2192 OTEV\u0158\u00cdT MATERI\u00c1LY V ELEARNINGOV\u00c9M PORT\u00c1LU SOUVISEJ\u00cdC\u00cd VIDEOSEKVENCE >><\/p>\n","protected":false},"author":1,"featured_media":286,"parent":25,"menu_order":4,"comment_status":"closed","ping_status":"closed","template":"","meta":{"footnotes":""},"class_list":["post-9","page","type-page","status-publish","has-post-thumbnail","hentry"],"_links":{"self":[{"href":"https:\/\/eportal.chirurgie.upol.cz\/ebook\/index.php?rest_route=\/wp\/v2\/pages\/9","targetHints":{"allow":["GET"]}}],"collection":[{"href":"https:\/\/eportal.chirurgie.upol.cz\/ebook\/index.php?rest_route=\/wp\/v2\/pages"}],"about":[{"href":"https:\/\/eportal.chirurgie.upol.cz\/ebook\/index.php?rest_route=\/wp\/v2\/types\/page"}],"author":[{"embeddable":true,"href":"https:\/\/eportal.chirurgie.upol.cz\/ebook\/index.php?rest_route=\/wp\/v2\/users\/1"}],"replies":[{"embeddable":true,"href":"https:\/\/eportal.chirurgie.upol.cz\/ebook\/index.php?rest_route=%2Fwp%2Fv2%2Fcomments&post=9"}],"version-history":[{"count":23,"href":"https:\/\/eportal.chirurgie.upol.cz\/ebook\/index.php?rest_route=\/wp\/v2\/pages\/9\/revisions"}],"predecessor-version":[{"id":538,"href":"https:\/\/eportal.chirurgie.upol.cz\/ebook\/index.php?rest_route=\/wp\/v2\/pages\/9\/revisions\/538"}],"up":[{"embeddable":true,"href":"https:\/\/eportal.chirurgie.upol.cz\/ebook\/index.php?rest_route=\/wp\/v2\/pages\/25"}],"wp:featuredmedia":[{"embeddable":true,"href":"https:\/\/eportal.chirurgie.upol.cz\/ebook\/index.php?rest_route=\/wp\/v2\/media\/286"}],"wp:attachment":[{"href":"https:\/\/eportal.chirurgie.upol.cz\/ebook\/index.php?rest_route=%2Fwp%2Fv2%2Fmedia&parent=9"}],"curies":[{"name":"wp","href":"https:\/\/api.w.org\/{rel}","templated":true}]}}