{"id":158,"date":"2013-03-14T09:32:07","date_gmt":"2013-03-14T09:32:07","guid":{"rendered":"https:\/\/eportal.chirurgie.upol.cz\/portal_final\/?page_id=158"},"modified":"2013-03-14T09:47:08","modified_gmt":"2013-03-14T09:47:08","slug":"predmluva","status":"publish","type":"page","link":"https:\/\/eportal.chirurgie.upol.cz\/portal_final\/?page_id=158","title":{"rendered":"Seznam pou\u017e\u00edvan\u00fdch zkratek"},"content":{"rendered":"<p>&nbsp;<\/p>\n<ul>\n<li>DJ \u2013 divertikl j\u00edcnu<\/li>\n<li>DJS \u2013 doln\u00ed j\u00edcnov\u00fd sv\u011bra\u010d<\/li>\n<li>EKA \u2013 ezofagokardi\u00e1ln\u00ed achal\u00e1zie<\/li>\n<li>GER \u2013 gastroezofage\u00e1ln\u00ed reflux<\/li>\n<li>GES \u2013 gastroezofage\u00e1ln\u00ed spojen\u00ed<\/li>\n<li>GIT \u2013 gastrointestin\u00e1ln\u00ed trakt<\/li>\n<li>HH \u2013 hi\u00e1tov\u00e1 hernie<\/li>\n<li>HJS \u2013 horn\u00ed j\u00edcnov\u00fd sv\u011bra\u010d<\/li>\n<li>RE \u2013 refluxn\u00ed ezofagitida<\/li>\n<li>RNJ \u2013 refluxn\u00ed nemoc j\u00edcnu<\/li>\n<\/ul>\n<p>&nbsp;<\/p>\n","protected":false},"excerpt":{"rendered":"<p>&nbsp; DJ \u2013 divertikl j\u00edcnu DJS \u2013 doln\u00ed j\u00edcnov\u00fd sv\u011bra\u010d EKA \u2013 ezofagokardi\u00e1ln\u00ed achal\u00e1zie GER \u2013 gastroezofage\u00e1ln\u00ed reflux GES \u2013 gastroezofage\u00e1ln\u00ed spojen\u00ed GIT \u2013 gastrointestin\u00e1ln\u00ed trakt HH \u2013 hi\u00e1tov\u00e1 hernie HJS \u2013 horn\u00ed j\u00edcnov\u00fd sv\u011bra\u010d RE \u2013 refluxn\u00ed ezofagitida RNJ \u2013 refluxn\u00ed nemoc j\u00edcnu &nbsp;<\/p>\n","protected":false},"author":1,"featured_media":0,"parent":65,"menu_order":10,"comment_status":"closed","ping_status":"closed","template":"","meta":{"footnotes":"","_links_to":"","_links_to_target":""},"class_list":["post-158","page","type-page","status-publish","hentry"],"_links":{"self":[{"href":"https:\/\/eportal.chirurgie.upol.cz\/portal_final\/index.php?rest_route=\/wp\/v2\/pages\/158","targetHints":{"allow":["GET"]}}],"collection":[{"href":"https:\/\/eportal.chirurgie.upol.cz\/portal_final\/index.php?rest_route=\/wp\/v2\/pages"}],"about":[{"href":"https:\/\/eportal.chirurgie.upol.cz\/portal_final\/index.php?rest_route=\/wp\/v2\/types\/page"}],"author":[{"embeddable":true,"href":"https:\/\/eportal.chirurgie.upol.cz\/portal_final\/index.php?rest_route=\/wp\/v2\/users\/1"}],"replies":[{"embeddable":true,"href":"https:\/\/eportal.chirurgie.upol.cz\/portal_final\/index.php?rest_route=%2Fwp%2Fv2%2Fcomments&post=158"}],"version-history":[{"count":4,"href":"https:\/\/eportal.chirurgie.upol.cz\/portal_final\/index.php?rest_route=\/wp\/v2\/pages\/158\/revisions"}],"predecessor-version":[{"id":940,"href":"https:\/\/eportal.chirurgie.upol.cz\/portal_final\/index.php?rest_route=\/wp\/v2\/pages\/158\/revisions\/940"}],"up":[{"embeddable":true,"href":"https:\/\/eportal.chirurgie.upol.cz\/portal_final\/index.php?rest_route=\/wp\/v2\/pages\/65"}],"wp:attachment":[{"href":"https:\/\/eportal.chirurgie.upol.cz\/portal_final\/index.php?rest_route=%2Fwp%2Fv2%2Fmedia&parent=158"}],"curies":[{"name":"wp","href":"https:\/\/api.w.org\/{rel}","templated":true}]}}