{"id":1865,"date":"2013-04-01T16:22:32","date_gmt":"2013-04-01T16:22:32","guid":{"rendered":"https:\/\/eportal.chirurgie.upol.cz\/portal_final\/?page_id=1865"},"modified":"2020-04-22T16:36:51","modified_gmt":"2020-04-22T16:36:51","slug":"hlavni-stranka","status":"publish","type":"page","link":"https:\/\/eportal.chirurgie.upol.cz\/portal_final\/","title":{"rendered":"O projektu"},"content":{"rendered":"<p style=\"text-align: justify;\"><a href=\"https:\/\/eportal.chirurgie.upol.cz\/portal_final\/wp-content\/uploads\/2014\/11\/1416829110_image1.jpeg\"><img loading=\"lazy\" decoding=\"async\" class=\"alignright wp-image-4036 size-full\" src=\"https:\/\/eportal.chirurgie.upol.cz\/portal_final\/wp-content\/uploads\/2014\/11\/1416829110_image1.jpeg\" alt=\"image1.jpeg\" width=\"189\" height=\"68\" \/><\/a>Projekt navazuje na \u00fasp\u011b\u0161n\u011b realizovan\u00fd projekt Modern\u00ed metody v\u00fduky z\u00e1klad\u016f chirurgie pomoc\u00ed eLearningu, kter\u00fd p\u0159ipravil multimedi\u00e1ln\u00ed u\u010debn\u00ed pom\u016fcky pro v\u00fduku chirurgick\u00e9 propedeutiky (<a title=\"V\u00fduka chirurgick\u00e9 propedeutiky\" href=\"http:\/\/lfup.cepac.cz\" target=\"_blank\">http:\/\/lfup.cepac.cz<\/a>).<\/p>\n<p style=\"text-align: justify;\">Hlavn\u00edm z\u00e1m\u011brem projektu je prim\u00e1rn\u011b zv\u00fd\u0161en\u00ed \u00farovn\u011b znalost\u00ed a praktick\u00fdch dovednost\u00ed v oblasti speci\u00e1ln\u00ed chirurgie pro studenty medic\u00edny ve studijn\u00edm oboru V\u0161eobecn\u00e9 l\u00e9ka\u0159stv\u00ed na L\u00e9ka\u0159sk\u00e9 fakult\u011b UP a n\u00e1vazn\u011b i student\u016f dal\u0161\u00edch obor\u016f studovan\u00fdch na Fakult\u011b zdravotnick\u00fdch v\u011bd.<\/p>\n<p style=\"text-align: justify;\">Podobn\u011b jak tomu bylo v projektu propedeutick\u00e9 chirurgie bude c\u00edlem sestavit v\u00fdukov\u00e9 pom\u016fcky, kter\u00e9 zahrnuj\u00ed problematiku z\u00e1klad\u016f speci\u00e1ln\u00ed chirurgie ve zvolen\u00fdch kapitol\u00e1ch (bloc\u00edch). Moduly budou koncipov\u00e1ny v rozsahu, kter\u00fd je pot\u0159ebn\u00fd pro pregradu\u00e1ln\u00ed studium obor\u016f na L\u00e9ka\u0159sk\u00e9 fakult\u011b a v roz\u0161\u00ed\u0159en\u00e9 podob\u011b pro studium tohoto p\u0159edm\u011btu v postgradu\u00e1ln\u00edm vzd\u011bl\u00e1v\u00e1n\u00ed.<\/p>\n<p style=\"text-align: justify;\">Konkr\u00e9tn\u011b se bude jednat o v\u00fdukov\u00e9 pom\u016fcky pro n\u00e1sleduj\u00edc\u00ed t\u0159i bloky:<\/p>\n<ul style=\"text-align: justify;\">\n<li><a title=\"Z\u00e1kladn\u00ed v\u00fdkony ve v\u0161eobecn\u00e9 chirurgii\" href=\"https:\/\/eportal.chirurgie.upol.cz\/portal_final\/?page_id=2447\">Z\u00e1kladn\u00ed v\u00fdkony ve v\u0161eobecn\u00e9 chirurgii<\/a><\/li>\n<li><a title=\"C\u00e9vn\u00ed chirurgie\" href=\"https:\/\/eportal.chirurgie.upol.cz\/portal_final\/?page_id=1868\">C\u00e9vn\u00ed chirurgie<\/a><\/li>\n<li><a title=\"Hrudn\u00ed chirurgie\" href=\"https:\/\/eportal.chirurgie.upol.cz\/portal_final\/?page_id=1347\">Hrudn\u00ed chirurgie<\/a><\/li>\n<li><a title=\"Chirurgie j\u00edcnu\" href=\"https:\/\/eportal.chirurgie.upol.cz\/portal_final\/?page_id=65\">Chirurgie j\u00edcnu<\/a><\/li>\n<\/ul>\n<p style=\"text-align: justify;\">C\u00edlem projektu je inovovat st\u00e1vaj\u00edc\u00ed v\u00fduku chirurgie na L\u00e9ka\u0159sk\u00e9 fakult\u011b a na Fakult\u011b zdravotnick\u00fdch v\u011bd Univerzity Palack\u00e9ho v Olomouci. V\u00fduka bude roz\u0161\u00ed\u0159ena o nov\u00e9 v\u00fdukov\u00e9 pom\u016fcky, kter\u00e9 budou dopl\u0148ovat u\u010debn\u00ed postupy v oblastech z\u00e1kladn\u00edch v\u00fdkon\u016f ve v\u0161eobecn\u00e9 chirurgii, c\u00e9vn\u00ed a hrudn\u00ed chirurgii. Tyto z\u00e1kladn\u00ed kapitoly (bloky) budou d\u00e1le rozd\u011bleny na celkem 22 modul\u016f. P\u0159i jejich zpracov\u00e1n\u00ed bude br\u00e1n z\u0159etel na nejnov\u011bj\u0161\u00ed poznatky z dan\u00fdch oblast\u00ed a praktickou aplikovatelnost a vyu\u017eitelnost p\u0159i v\u00fduce. Ve\u0161ker\u00e9 vytvo\u0159en\u00e9 v\u00fdstupy budou prim\u00e1rn\u011b slou\u017eit jako podklady pro p\u0159\u00edpravu vzd\u011bl\u00e1vac\u00edho port\u00e1lu, kter\u00fd bude z\u0159\u00edzen a po registraci bude p\u0159\u00edstupn\u00fd v\u0161em student\u016fm medic\u00ednsk\u00fdch a zdravotnick\u00fdch odbor\u016f.<\/p>\n<p style=\"text-align: justify;\">D\u00edl\u010d\u00edm c\u00edlem projektu je tak\u00e9 p\u0159ipravit u\u010debn\u00ed texty, kter\u00e9 budou dopln\u011bny interaktivn\u00edmi DVD. Texty budou slou\u017eit zejm\u00e9na student\u016fm bez mo\u017enosti st\u00e1l\u00e9ho p\u0159ipojen\u00ed k internetu. Obsah v\u00fdukov\u00fdch pom\u016fcek bude koncipov\u00e1n p\u0159edev\u0161\u00edm pro studenty v pregradu\u00e1ln\u00edm studiu chirurgie na L\u00e9ka\u0159sk\u00e9 fakult\u011b a na Fakult\u011b zdravotnick\u00fdch v\u011bd Univerzity Palack\u00e9ho v Olomouci a p\u0159\u00edpadn\u011b i na dal\u0161\u00edch Univerzit\u00e1ch. V roz\u0161\u00ed\u0159en\u00e9 podob\u011b v\u0161ak budou vytvo\u0159en\u00e9 v\u00fdukov\u00e9 pom\u016fcky vyu\u017eiteln\u00e9 i pro postgradu\u00e1ln\u00ed studium l\u00e9ka\u0159\u016f a dal\u0161\u00edch zdravotnick\u00fdch pracovn\u00edk\u016f.<\/p>\n<p style=\"text-align: justify;\">V\u00fdukov\u00e9 pom\u016fcky budou m\u00edt vysoce odborn\u00e9 a specializovan\u00e9 zam\u011b\u0159en\u00ed a jejich p\u0159\u00edprava bude person\u00e1ln\u011b i \u010dasov\u011b velmi n\u00e1ro\u010dn\u00e1. Budou proto vznikat po dobu prvn\u00edch dvou let realizace projektu, pr\u016fb\u011b\u017en\u011b budou umis\u0165ov\u00e1ny na vzd\u011bl\u00e1vac\u00ed port\u00e1l, revidov\u00e1ny a testov\u00e1na jejich funk\u010dnost. V z\u00e1v\u011bre\u010dn\u00e9 f\u00e1zi projdou i pilotn\u00edm ov\u011b\u0159en\u00edm ve v\u00fduce, kter\u00e9 napom\u016f\u017ee odladit posledn\u00ed nedostatky a p\u0159ipravit kone\u010dn\u00e9 v\u00fdstupy projektu k za\u0159azen\u00ed do b\u011b\u017en\u00e9 v\u00fduky.<\/p>\n<p style=\"text-align: justify;\">Hlavn\u00ed c\u00edlovou skupinu tvo\u0159\u00ed studenti 4. a\u017e 6. ro\u010dn\u00edku V\u0161eobecn\u00e9ho l\u00e9ka\u0159stv\u00ed na L\u00e9ka\u0159sk\u00e9 fakult\u011b University Palack\u00e9ho.<\/p>\n<p style=\"text-align: justify;\">Dal\u0161\u00edmi skupinami jsou potom:<\/p>\n<ul style=\"text-align: justify;\">\n<li>studenti Zubn\u00edho l\u00e9ka\u0159stv\u00ed (3. a 5. ro\u010dn\u00edk)<\/li>\n<li>studenti Fakulty zdravotn\u00edch v\u011bd (obory \u2013 V\u0161eobecn\u00e1 sestra prezen\u010dn\u00ed\/kombinovan\u00e9 studium, Porodn\u00ed asistentka, Fyzioterapie, Radiologick\u00fd asistent).<\/li>\n<\/ul>\n<p style=\"text-align: justify;\">Pro n\u011b budou ur\u010deny vznikl\u00e9 moduly sp\u00ed\u0161e dopl\u0148kov\u011b v r\u00e1mci jejich vlastn\u00edch specializac\u00ed.<\/p>\n","protected":false},"excerpt":{"rendered":"<p>Projekt navazuje na \u00fasp\u011b\u0161n\u011b realizovan\u00fd projekt Modern\u00ed metody v\u00fduky z\u00e1klad\u016f chirurgie pomoc\u00ed eLearningu, kter\u00fd p\u0159ipravil multimedi\u00e1ln\u00ed u\u010debn\u00ed pom\u016fcky pro v\u00fduku chirurgick\u00e9 propedeutiky (http:\/\/lfup.cepac.cz). Hlavn\u00edm z\u00e1m\u011brem projektu je prim\u00e1rn\u011b zv\u00fd\u0161en\u00ed \u00farovn\u011b znalost\u00ed a praktick\u00fdch dovednost\u00ed v oblasti speci\u00e1ln\u00ed chirurgie pro studenty medic\u00edny ve studijn\u00edm oboru V\u0161eobecn\u00e9 l\u00e9ka\u0159stv\u00ed na L\u00e9ka\u0159sk\u00e9 fakult\u011b UP a n\u00e1vazn\u011b i student\u016f dal\u0161\u00edch [&hellip;]<\/p>\n","protected":false},"author":1,"featured_media":0,"parent":0,"menu_order":0,"comment_status":"closed","ping_status":"closed","template":"","meta":{"footnotes":"","_links_to":"","_links_to_target":""},"class_list":["post-1865","page","type-page","status-publish","hentry"],"_links":{"self":[{"href":"https:\/\/eportal.chirurgie.upol.cz\/portal_final\/index.php?rest_route=\/wp\/v2\/pages\/1865","targetHints":{"allow":["GET"]}}],"collection":[{"href":"https:\/\/eportal.chirurgie.upol.cz\/portal_final\/index.php?rest_route=\/wp\/v2\/pages"}],"about":[{"href":"https:\/\/eportal.chirurgie.upol.cz\/portal_final\/index.php?rest_route=\/wp\/v2\/types\/page"}],"author":[{"embeddable":true,"href":"https:\/\/eportal.chirurgie.upol.cz\/portal_final\/index.php?rest_route=\/wp\/v2\/users\/1"}],"replies":[{"embeddable":true,"href":"https:\/\/eportal.chirurgie.upol.cz\/portal_final\/index.php?rest_route=%2Fwp%2Fv2%2Fcomments&post=1865"}],"version-history":[{"count":8,"href":"https:\/\/eportal.chirurgie.upol.cz\/portal_final\/index.php?rest_route=\/wp\/v2\/pages\/1865\/revisions"}],"predecessor-version":[{"id":5329,"href":"https:\/\/eportal.chirurgie.upol.cz\/portal_final\/index.php?rest_route=\/wp\/v2\/pages\/1865\/revisions\/5329"}],"wp:attachment":[{"href":"https:\/\/eportal.chirurgie.upol.cz\/portal_final\/index.php?rest_route=%2Fwp%2Fv2%2Fmedia&parent=1865"}],"curies":[{"name":"wp","href":"https:\/\/api.w.org\/{rel}","templated":true}]}}