{"id":2447,"date":"2013-05-21T09:04:40","date_gmt":"2013-05-21T09:04:40","guid":{"rendered":"https:\/\/eportal.chirurgie.upol.cz\/portal_final\/?page_id=2447"},"modified":"2026-02-06T15:59:32","modified_gmt":"2026-02-06T15:59:32","slug":"zakladni-vykony","status":"publish","type":"page","link":"https:\/\/eportal.chirurgie.upol.cz\/portal_final\/?page_id=2447","title":{"rendered":"Z\u00e1kladn\u00ed v\u00fdkony ve VCh"},"content":{"rendered":"<div style=\"width: 510px\" class=\"wp-caption aligncenter\"><a href=\"https:\/\/eportal.chirurgie.upol.cz\/portal_final\/wp-content\/uploads\/2012\/03\/titulek_i.jpg\"><img loading=\"lazy\" decoding=\"async\" class=\" \" alt=\"Z\u00e1kladn\u00ed v\u00fdkony ve v\u0161eobecn\u00e9 chirurgii\" src=\"https:\/\/eportal.chirurgie.upol.cz\/portal_final\/wp-content\/uploads\/2012\/03\/titulek_i.jpg\" width=\"500\" height=\"709\" \/><\/a><p class=\"wp-caption-text\">Z\u00e1kladn\u00ed v\u00fdkony ve v\u0161eobecn\u00e9 chirurgii<\/p><\/div>\n","protected":false},"excerpt":{"rendered":"","protected":false},"author":1,"featured_media":3222,"parent":0,"menu_order":0,"comment_status":"closed","ping_status":"closed","template":"","meta":{"footnotes":"","_links_to":"","_links_to_target":""},"class_list":["post-2447","page","type-page","status-publish","has-post-thumbnail","hentry"],"_links":{"self":[{"href":"https:\/\/eportal.chirurgie.upol.cz\/portal_final\/index.php?rest_route=\/wp\/v2\/pages\/2447","targetHints":{"allow":["GET"]}}],"collection":[{"href":"https:\/\/eportal.chirurgie.upol.cz\/portal_final\/index.php?rest_route=\/wp\/v2\/pages"}],"about":[{"href":"https:\/\/eportal.chirurgie.upol.cz\/portal_final\/index.php?rest_route=\/wp\/v2\/types\/page"}],"author":[{"embeddable":true,"href":"https:\/\/eportal.chirurgie.upol.cz\/portal_final\/index.php?rest_route=\/wp\/v2\/users\/1"}],"replies":[{"embeddable":true,"href":"https:\/\/eportal.chirurgie.upol.cz\/portal_final\/index.php?rest_route=%2Fwp%2Fv2%2Fcomments&post=2447"}],"version-history":[{"count":7,"href":"https:\/\/eportal.chirurgie.upol.cz\/portal_final\/index.php?rest_route=\/wp\/v2\/pages\/2447\/revisions"}],"predecessor-version":[{"id":5527,"href":"https:\/\/eportal.chirurgie.upol.cz\/portal_final\/index.php?rest_route=\/wp\/v2\/pages\/2447\/revisions\/5527"}],"wp:featuredmedia":[{"embeddable":true,"href":"https:\/\/eportal.chirurgie.upol.cz\/portal_final\/index.php?rest_route=\/wp\/v2\/media\/3222"}],"wp:attachment":[{"href":"https:\/\/eportal.chirurgie.upol.cz\/portal_final\/index.php?rest_route=%2Fwp%2Fv2%2Fmedia&parent=2447"}],"curies":[{"name":"wp","href":"https:\/\/api.w.org\/{rel}","templated":true}]}}