{"id":3510,"date":"2013-06-09T11:25:52","date_gmt":"2013-06-09T11:25:52","guid":{"rendered":"https:\/\/eportal.chirurgie.upol.cz\/portal_final\/?page_id=3510"},"modified":"2013-06-16T17:39:24","modified_gmt":"2013-06-16T17:39:24","slug":"autori-bloku-zakladni-vykony-ve-vseobecne-chirurgii","status":"publish","type":"page","link":"https:\/\/eportal.chirurgie.upol.cz\/portal_final\/?page_id=3510","title":{"rendered":"Auto\u0159i bloku Z\u00e1kladn\u00ed v\u00fdkony ve v\u0161eobecn\u00e9 chirurgii"},"content":{"rendered":"<h5 style=\"text-align: left;\">Oponenti:<\/h5>\n<ul>\n<li>MUDr. Luk\u00e1\u0161 Adam\u010d\u00edk<\/li>\n<li>MUDr. Ji\u0159\u00ed Gat\u011bk, Ph. D.<\/li>\n<\/ul>\n<h5 style=\"text-align: left;\">Koordin\u00e1to\u0159i bloku:<\/h5>\n<ul>\n<li>prof. MUDr. Miloslav Duda, DrSc.<\/li>\n<li>doc. MUDr. Stanislav Czudek, CSc.<\/li>\n<\/ul>\n<h5>Auto\u0159i jednotliv\u00fdch kapitol:<\/h5>\n<table style=\"background-color: #ffffff; width: 100%;\" border=\"0\" cellspacing=\"3\" cellpadding=\"3\">\n<tbody>\n<tr>\n<td style=\"width: 55px;\" colspan=\"2\">\n<h6 style=\"text-align: center;\">Spoluautor kapitoly 2<\/h6>\n<\/td>\n<\/tr>\n<tr>\n<td style=\"width: 55px;\"><a href=\"https:\/\/eportal.chirurgie.upol.cz\/portal_final\/wp-content\/uploads\/2011\/12\/duda_miloslav.jpg\"><img loading=\"lazy\" decoding=\"async\" class=\"aligncenter size-thumbnail wp-image-4992\" title=\"Prof. MUDr. Miloslav Duda, DrSc.\" alt=\"Prof. MUDr. Miloslav Duda, DrSc.\" src=\"https:\/\/eportal.chirurgie.upol.cz\/portal_final\/wp-content\/uploads\/2011\/12\/duda_miloslav-120x150.jpg\" width=\"120\" height=\"150\" \/><\/a><\/td>\n<td><strong>prof.\u00a0MUDr.\u00a0Miloslav Duda, DrSc. <em><br \/>\n<\/em><\/strong>(vedouc\u00ed autorsk\u00e9ho kolektivu)<br \/>\n<em>II. chirurgick\u00e1 klinika FN a\u00a0LF UP Olomouc<\/em><\/td>\n<\/tr>\n<tr>\n<td style=\"width: 55px;\" colspan=\"2\">\n<h6 style=\"text-align: center;\">Autor kapitol 1 a\u00a02<\/h6>\n<\/td>\n<\/tr>\n<tr>\n<td style=\"width: 55px;\"><a href=\"https:\/\/eportal.chirurgie.upol.cz\/portal_final\/wp-content\/uploads\/2011\/12\/czudek-stanislav1.jpg\"><img loading=\"lazy\" decoding=\"async\" class=\"aligncenter size-thumbnail wp-image-4997\" title=\"Doc. MUDr. Stanislav Czudek, CSc.\" alt=\"Doc. MUDr. Stanislav Czudek, CSc.\" src=\"https:\/\/eportal.chirurgie.upol.cz\/portal_final\/wp-content\/uploads\/2011\/12\/czudek-stanislav1-120x150.jpg\" width=\"120\" height=\"150\" \/><\/a><\/td>\n<td><strong>doc.\u00a0MUDr.\u00a0Stanislav Czudek, CSc.<\/strong><br \/>\n<em>II. chirurgick\u00e1 klinika FN a\u00a0LF UP Olomouc<\/em><\/td>\n<\/tr>\n<tr>\n<td style=\"width: 55px;\" colspan=\"2\">\n<h6 style=\"text-align: center;\">Autor kapitoly 3<\/h6>\n<\/td>\n<\/tr>\n<tr>\n<td style=\"width: 55px;\"><a href=\"https:\/\/eportal.chirurgie.upol.cz\/portal_final\/wp-content\/uploads\/2011\/12\/prim_griga.jpg\"><img loading=\"lazy\" decoding=\"async\" class=\"aligncenter size-thumbnail wp-image-5007\" title=\"Prim. MUDr. Adolf Gryga, CSc.\" alt=\"Prim. MUDr. Adolf Gryga, CSc.\" src=\"https:\/\/eportal.chirurgie.upol.cz\/portal_final\/wp-content\/uploads\/2011\/12\/prim_griga-120x150.jpg\" width=\"120\" height=\"150\" \/><\/a><\/td>\n<td><strong>prim. MUDr.\u00a0Adolf Gryga, CSc.<br \/>\n<\/strong><em>I. chirurgick\u00e1 klinika FN a\u00a0LF UP Olomouc<br \/>\na\u00a0Chirurgick\u00e9 odd\u011blen\u00ed nemocnice Prost\u011bjov<\/em><\/td>\n<\/tr>\n<tr>\n<td style=\"width: 55px;\" colspan=\"2\">\n<h6 style=\"text-align: center;\">Autor kapitoly 4<\/h6>\n<\/td>\n<\/tr>\n<tr>\n<td style=\"width: 55px;\"><a href=\"https:\/\/eportal.chirurgie.upol.cz\/portal_final\/wp-content\/uploads\/2011\/12\/jh.jpg\"><img loading=\"lazy\" decoding=\"async\" class=\"aligncenter size-thumbnail wp-image-4661\" title=\"Doc. MUDr. Ji\u0159\u00ed Herman, Ph. D.\" alt=\"Doc. MUDr. Ji\u0159\u00ed Herman, Ph. D.\" src=\"https:\/\/eportal.chirurgie.upol.cz\/portal_final\/wp-content\/uploads\/2011\/12\/jh-113x150.jpg\" width=\"113\" height=\"150\" \/><\/a><\/td>\n<td><strong>doc.\u00a0MUDr.\u00a0Ji\u0159\u00ed Herman, Ph. D.<\/strong><br \/>\n<em>II. chirurgick\u00e1 klinika FN a\u00a0LF UP Olomouc<\/em><\/td>\n<\/tr>\n<tr>\n<td style=\"width: 55px;\" colspan=\"2\">\n<h6 style=\"text-align: center;\">Spoluautor kapitoly 4<\/h6>\n<\/td>\n<\/tr>\n<tr>\n<td style=\"width: 55px;\"><a href=\"http:\/\/eportal.chirurgie.upol.cz\/portal_fianl\/wp-content\/uploads\/2011\/12\/musil.jpg\"><img loading=\"lazy\" decoding=\"async\" class=\"aligncenter size-thumbnail wp-image-5843\" title=\"Doc. MUDr. Dalibor Musil, Ph. D.\" alt=\"Doc. MUDr. Dalibor Musil, Ph. D.\" src=\"https:\/\/eportal.chirurgie.upol.cz\/portal_final\/wp-content\/uploads\/2011\/12\/musil-120x150.jpg\" width=\"120\" height=\"150\" \/><\/a><\/td>\n<td><strong>doc.\u00a0MUDr.\u00a0Dalibor Musil, Ph. D.<\/strong><br \/>\n<em>I. intern\u00ed klinika FN a\u00a0LF UP Olomouc<\/em><\/td>\n<\/tr>\n<tr>\n<td style=\"width: 55px;\" colspan=\"2\">\n<h6 style=\"text-align: center;\">Autor kapitoly 5<\/h6>\n<\/td>\n<\/tr>\n<tr>\n<td style=\"width: 55px;\"><a href=\"https:\/\/eportal.chirurgie.upol.cz\/portal_final\/wp-content\/uploads\/2011\/12\/final_vyhnanek2.jpg\"><img loading=\"lazy\" decoding=\"async\" class=\"aligncenter size-thumbnail wp-image-5008\" title=\"Prim. MUDr. Jaroslav Vyhn\u00e1nek, CSc.\" alt=\"Prim. MUDr. Jaroslav Vyhn\u00e1nek, CSc.\" src=\"https:\/\/eportal.chirurgie.upol.cz\/portal_final\/wp-content\/uploads\/2011\/12\/final_vyhnanek2-120x150.jpg\" width=\"120\" height=\"150\" \/><\/a><\/td>\n<td><strong>prim.\u00a0MUDr.\u00a0Jaroslav Vyhn\u00e1nek, CSc.<\/strong><em><br \/>\nII. chirurgick\u00e1 klinika FN a\u00a0LF UP Olomouc<br \/>\na\u00a0Centr\u00e1ln\u00ed opera\u010dn\u00ed s\u00e1ly a\u00a0sterilizace FN a\u00a0LF UP Olomouc<\/em><\/td>\n<\/tr>\n<tr>\n<td style=\"width: 55px;\" colspan=\"2\">\n<h6 style=\"text-align: center;\">Autor kapitoly 6<\/h6>\n<\/td>\n<\/tr>\n<tr>\n<td style=\"width: 55px;\"><a href=\"https:\/\/eportal.chirurgie.upol.cz\/portal_final\/wp-content\/uploads\/2011\/12\/final_herokova1.jpg\"><img loading=\"lazy\" decoding=\"async\" class=\"aligncenter size-thumbnail wp-image-5002\" title=\"MUDr. Ji\u0159ina Herokov\u00e1\" alt=\"MUDr. Ji\u0159ina Herokov\u00e1\" src=\"https:\/\/eportal.chirurgie.upol.cz\/portal_final\/wp-content\/uploads\/2011\/12\/final_herokova1-120x150.jpg\" width=\"120\" height=\"150\" \/><\/a><\/td>\n<td><strong>MUDr.\u00a0Ji\u0159ina Herokov\u00e1<\/strong><br \/>\n<em>Chirurgick\u00e9 odd\u011blen\u00ed, V\u00edtkovick\u00e1 nemocnice a. s.<\/em><\/td>\n<\/tr>\n<tr>\n<td style=\"width: 55px;\" colspan=\"2\">\n<h6 style=\"text-align: center;\">Spoluautor kapitoly 6<\/h6>\n<\/td>\n<\/tr>\n<tr>\n<td style=\"width: 55px;\"><a href=\"https:\/\/eportal.chirurgie.upol.cz\/portal_final\/wp-content\/uploads\/2011\/12\/gatek-jiri.jpg\"><img loading=\"lazy\" decoding=\"async\" class=\"aligncenter size-thumbnail wp-image-5005\" title=\"Prim. MUDr. Ji\u0159\u00ed Gat\u011bk, Ph. D.\" alt=\"Prim. MUDr. Ji\u0159\u00ed Gat\u011bk, Ph. D.\" src=\"https:\/\/eportal.chirurgie.upol.cz\/portal_final\/wp-content\/uploads\/2011\/12\/gatek-jiri-120x150.jpg\" width=\"120\" height=\"150\" \/><\/a><\/td>\n<td><strong>prim. MUDr.\u00a0Ji\u0159\u00ed Gat\u011bk, Ph. D.<\/strong><br \/>\n<em> Chirurgick\u00e9 odd\u011blen\u00ed nemocnice Atlas a. s. Zl\u00edn<\/em><\/td>\n<\/tr>\n<tr>\n<td style=\"width: 55px;\" colspan=\"2\">\n<h6 style=\"text-align: center;\">Autor kapitoly 7<\/h6>\n<\/td>\n<\/tr>\n<tr>\n<td style=\"width: 55px;\"><a href=\"https:\/\/eportal.chirurgie.upol.cz\/portal_final\/wp-content\/uploads\/2011\/12\/bachleda_petr.jpg\"><img loading=\"lazy\" decoding=\"async\" class=\"aligncenter size-thumbnail wp-image-4990\" title=\"Prof. MUDr. Petr Bachleda, CSc.\" alt=\"Prof. MUDr. Petr Bachleda, CSc.\" src=\"https:\/\/eportal.chirurgie.upol.cz\/portal_final\/wp-content\/uploads\/2011\/12\/bachleda_petr-120x150.jpg\" width=\"120\" height=\"150\" \/><\/a><\/td>\n<td><strong>prof.\u00a0MUDr.\u00a0Petr Bachleda, CSc.<\/strong><br \/>\n<em>II. chirurgick\u00e1 klinika FN a\u00a0LF UP Olomouc<\/em><\/td>\n<\/tr>\n<tr>\n<td style=\"width: 55px;\" colspan=\"2\">\n<h6 style=\"text-align: center;\">Autor kapitoly 8 a 9<\/h6>\n<\/td>\n<\/tr>\n<tr>\n<td style=\"width: 55px;\"><a href=\"https:\/\/eportal.chirurgie.upol.cz\/portal_final\/wp-content\/uploads\/2011\/12\/final_andel1.jpg\"><img loading=\"lazy\" decoding=\"async\" class=\"aligncenter size-thumbnail wp-image-5001\" title=\"MUDr. Petr And\u011bl, Ph. D.\" alt=\"MUDr. Petr And\u011bl, Ph. D.\" src=\"https:\/\/eportal.chirurgie.upol.cz\/portal_final\/wp-content\/uploads\/2011\/12\/final_andel1-120x150.jpg\" width=\"120\" height=\"150\" \/><\/a><\/td>\n<td><strong>MUDr.\u00a0Petr And\u011bl, Ph. D.<\/strong><br \/>\n<em>Chirurgick\u00e9 odd\u011blen\u00ed nemocnice<br \/>\n<\/em><em>a\u00a0Komplexn\u00edho onkologick\u00e9ho centra Nov\u00fd Ji\u010d\u00edn<\/em><\/td>\n<\/tr>\n<tr>\n<td style=\"width: 55px;\" colspan=\"2\">\n<h6 style=\"text-align: center;\">Spoluautor kapitoly 9<\/h6>\n<\/td>\n<\/tr>\n<tr>\n<td style=\"width: 55px;\"><a href=\"https:\/\/eportal.chirurgie.upol.cz\/portal_final\/wp-content\/uploads\/2011\/12\/final_skrovina1.jpg\"><img loading=\"lazy\" decoding=\"async\" class=\"aligncenter size-thumbnail wp-image-5003\" title=\"Prim. MUDr. Mat\u011bj \u0160krovina, Ph. D.\" alt=\"Prim. MUDr. Mat\u011bj \u0160krovina, Ph. D.\" src=\"https:\/\/eportal.chirurgie.upol.cz\/portal_final\/wp-content\/uploads\/2011\/12\/final_skrovina1-120x150.jpg\" width=\"120\" height=\"150\" \/><\/a><\/td>\n<td><strong>prim. MUDr.\u00a0Mat\u011bj \u0160krovina, Ph. D.<\/strong><br \/>\n<em>Chirurgick\u00e9 odd\u011blen\u00ed nemocnice<br \/>\na\u00a0Komplexn\u00edho onkologick\u00e9ho centra Nov\u00fd Ji\u010d\u00edn<\/em><\/td>\n<\/tr>\n<\/tbody>\n<\/table>\n","protected":false},"excerpt":{"rendered":"<p>Oponenti: MUDr. Luk\u00e1\u0161 Adam\u010d\u00edk MUDr. Ji\u0159\u00ed Gat\u011bk, Ph. D. Koordin\u00e1to\u0159i bloku: prof. MUDr. Miloslav Duda, DrSc. doc. MUDr. Stanislav Czudek, CSc. Auto\u0159i jednotliv\u00fdch kapitol: Spoluautor kapitoly 2 prof.\u00a0MUDr.\u00a0Miloslav Duda, DrSc. (vedouc\u00ed autorsk\u00e9ho kolektivu) II. chirurgick\u00e1 klinika FN a\u00a0LF UP Olomouc Autor kapitol 1 a\u00a02 doc.\u00a0MUDr.\u00a0Stanislav Czudek, CSc. II. chirurgick\u00e1 klinika FN a\u00a0LF UP Olomouc Autor [&hellip;]<\/p>\n","protected":false},"author":1,"featured_media":0,"parent":2447,"menu_order":0,"comment_status":"closed","ping_status":"closed","template":"","meta":{"footnotes":"","_links_to":"","_links_to_target":""},"class_list":["post-3510","page","type-page","status-publish","hentry"],"_links":{"self":[{"href":"https:\/\/eportal.chirurgie.upol.cz\/portal_final\/index.php?rest_route=\/wp\/v2\/pages\/3510","targetHints":{"allow":["GET"]}}],"collection":[{"href":"https:\/\/eportal.chirurgie.upol.cz\/portal_final\/index.php?rest_route=\/wp\/v2\/pages"}],"about":[{"href":"https:\/\/eportal.chirurgie.upol.cz\/portal_final\/index.php?rest_route=\/wp\/v2\/types\/page"}],"author":[{"embeddable":true,"href":"https:\/\/eportal.chirurgie.upol.cz\/portal_final\/index.php?rest_route=\/wp\/v2\/users\/1"}],"replies":[{"embeddable":true,"href":"https:\/\/eportal.chirurgie.upol.cz\/portal_final\/index.php?rest_route=%2Fwp%2Fv2%2Fcomments&post=3510"}],"version-history":[{"count":7,"href":"https:\/\/eportal.chirurgie.upol.cz\/portal_final\/index.php?rest_route=\/wp\/v2\/pages\/3510\/revisions"}],"predecessor-version":[{"id":3955,"href":"https:\/\/eportal.chirurgie.upol.cz\/portal_final\/index.php?rest_route=\/wp\/v2\/pages\/3510\/revisions\/3955"}],"up":[{"embeddable":true,"href":"https:\/\/eportal.chirurgie.upol.cz\/portal_final\/index.php?rest_route=\/wp\/v2\/pages\/2447"}],"wp:attachment":[{"href":"https:\/\/eportal.chirurgie.upol.cz\/portal_final\/index.php?rest_route=%2Fwp%2Fv2%2Fmedia&parent=3510"}],"curies":[{"name":"wp","href":"https:\/\/api.w.org\/{rel}","templated":true}]}}