{"id":3513,"date":"2013-06-09T11:29:16","date_gmt":"2013-06-09T11:29:16","guid":{"rendered":"https:\/\/eportal.chirurgie.upol.cz\/portal_final\/?page_id=3513"},"modified":"2013-06-16T17:43:28","modified_gmt":"2013-06-16T17:43:28","slug":"autori-bloku-cevni-chirurgie","status":"publish","type":"page","link":"https:\/\/eportal.chirurgie.upol.cz\/portal_final\/?page_id=3513","title":{"rendered":"Auto\u0159i bloku C\u00e9vn\u00ed chirurgie"},"content":{"rendered":"<h5 style=\"text-align: left;\">Oponenti:<\/h5>\n<ul>\n<li>prof. MUDr. Vladislav T\u0159e\u0161ka, DrSc.,<br \/>\n<em>p\u0159ednosta chirurgick\u00e9 kliniky, FN Plze\u0148 <\/em><\/li>\n<li>prof. MUDr. Robert Staffa, Ph. D.,<br \/>\n<em>p\u0159ednosta II. chirurgick\u00e9 kliniky, FN Brno<\/em><\/li>\n<\/ul>\n<h5 style=\"text-align: left;\">Hlavn\u00ed \u0159e\u0161itel projektu:<\/h5>\n<table style=\"background-color: #ffffff; width: 100%;\" border=\"0\" cellspacing=\"3\" cellpadding=\"3\">\n<tbody>\n<tr>\n<td style=\"width: 55px;\"><a href=\"https:\/\/eportal.chirurgie.upol.cz\/portal_final\/wp-content\/uploads\/2011\/12\/duda_miloslav.jpg\"><img loading=\"lazy\" decoding=\"async\" class=\"aligncenter size-thumbnail wp-image-4992\" title=\"Prof. MUDr. Miloslav Duda, DrSc.\" alt=\"Prof. MUDr. Miloslav Duda, DrSc.\" src=\"https:\/\/eportal.chirurgie.upol.cz\/portal_final\/wp-content\/uploads\/2011\/12\/duda_miloslav-120x150.jpg\" width=\"120\" height=\"150\" \/><\/a><\/td>\n<td><strong>Prof. MUDr. Miloslav Duda, DrSc.<br \/>\n<\/strong><em>II. chirurgick\u00e1 klinika FN a LF UP v Olomouci<\/em><strong><em><br \/>\n<\/em><\/strong><\/td>\n<\/tr>\n<\/tbody>\n<\/table>\n<h5>Koordin\u00e1tor bloku C\u00e9vn\u00ed chirurgie:<\/h5>\n<ul>\n<li>prof. MUDr. Petr Bachleda, CSc.<\/li>\n<\/ul>\n<h5>Autorsk\u00fd kolektiv:<\/h5>\n<table style=\"background-color: #ffffff; width: 100%;\" border=\"0\" cellspacing=\"3\" cellpadding=\"3\">\n<tbody>\n<tr>\n<td style=\"width: 55px;\" colspan=\"2\">\n<h6 style=\"text-align: center;\">Autor kapitol 1, 2, 4\u20139<\/h6>\n<\/td>\n<\/tr>\n<tr>\n<td><a href=\"https:\/\/eportal.chirurgie.upol.cz\/portal_final\/wp-content\/uploads\/2011\/12\/bachleda_petr.jpg\"><img loading=\"lazy\" decoding=\"async\" class=\"aligncenter size-thumbnail wp-image-4990\" title=\"Prof. MUDr. Petr Bachleda, CSc.\" alt=\"Prof. MUDr. Petr Bachleda, CSc.\" src=\"https:\/\/eportal.chirurgie.upol.cz\/portal_final\/wp-content\/uploads\/2011\/12\/bachleda_petr-120x150.jpg\" width=\"120\" height=\"150\" \/><\/a><\/td>\n<td><strong>prof. MUDr. Petr Bachleda, CSc.<\/strong><br \/>\n(vedouc\u00ed autorsk\u00e9ho kolektivu)<br \/>\n<em>II. chirurgick\u00e1 klinika FN a LF UP v Olomouci<\/em><\/td>\n<\/tr>\n<tr>\n<td style=\"width: 55px;\" colspan=\"2\">\n<h6 style=\"text-align: center;\">Autor kapitoly 3<\/h6>\n<\/td>\n<\/tr>\n<tr>\n<td><a href=\"https:\/\/eportal.chirurgie.upol.cz\/portal_final\/wp-content\/uploads\/2011\/12\/utikal_petr.jpg\"><img loading=\"lazy\" decoding=\"async\" class=\"aligncenter size-thumbnail wp-image-4996\" title=\"Doc.  MUDr.  Petr Ut\u00edkal, Ph. D.\" alt=\"Doc. MUDr. Petr Ut\u00edkal, Ph. D.\" src=\"https:\/\/eportal.chirurgie.upol.cz\/portal_final\/wp-content\/uploads\/2011\/12\/utikal_petr-120x150.jpg\" width=\"120\" height=\"150\" \/><\/a><\/td>\n<td><strong>Doc. MUDr. Petr Ut\u00edkal, Ph. D.<\/strong><br \/>\n<em> <em>II. chirurgick\u00e1 klinika FN a LF UP Olomouc<\/em><\/em><\/td>\n<\/tr>\n<tr>\n<td style=\"width: 55px;\" colspan=\"2\">\n<h6 style=\"text-align: center;\">Spoluautor kapitoly 3<\/h6>\n<\/td>\n<\/tr>\n<tr>\n<td><a href=\"https:\/\/eportal.chirurgie.upol.cz\/portal_final\/wp-content\/uploads\/2011\/12\/kechel1.jpg\"><img loading=\"lazy\" decoding=\"async\" class=\"aligncenter size-thumbnail wp-image-5010\" title=\"Prof. MUDr. Martin K\u00f6cher, Ph. D.\" alt=\"Prof. MUDr. Martin K\u00f6cher, Ph. D.\" src=\"https:\/\/eportal.chirurgie.upol.cz\/portal_final\/wp-content\/uploads\/2011\/12\/kechel1-120x150.jpg\" width=\"120\" height=\"150\" \/><\/a><\/td>\n<td><strong>Prof. MUDr. Martin K\u00f6cher, Ph. D.<br \/>\n<\/strong><em> Radiologick\u00e1 klinika<\/em><\/td>\n<\/tr>\n<tr>\n<td style=\"width: 55px;\" colspan=\"2\">\n<h6 style=\"text-align: center;\">Autor kapitoly 10<\/h6>\n<\/td>\n<\/tr>\n<tr>\n<td><a href=\"https:\/\/eportal.chirurgie.upol.cz\/portal_final\/wp-content\/uploads\/2011\/12\/herman_jiri.jpg\"><img loading=\"lazy\" decoding=\"async\" class=\"aligncenter size-thumbnail wp-image-5006\" title=\"Doc. MUDr. Ji\u0159\u00ed Herman, Ph. D.\" alt=\"Doc. MUDr. Ji\u0159\u00ed Herman, Ph. D.\" src=\"https:\/\/eportal.chirurgie.upol.cz\/portal_final\/wp-content\/uploads\/2011\/12\/herman_jiri-120x150.jpg\" width=\"120\" height=\"150\" \/><\/a><\/td>\n<td><strong>Doc. MUDr. Ji\u0159\u00ed Herman, Ph. D.<br \/>\n<\/strong><em>II. chirurgick\u00e1 klinika FN a LF UP Olomouc<\/em><\/td>\n<\/tr>\n<tr>\n<td style=\"width: 55px;\" colspan=\"2\">\n<h6 style=\"text-align: center;\">Spoluautor kapitoly 10<\/h6>\n<\/td>\n<\/tr>\n<tr>\n<td style=\"width: 55px;\"><a href=\"https:\/\/eportal.chirurgie.upol.cz\/portal_final\/wp-content\/uploads\/2011\/12\/musil.jpg\"><img loading=\"lazy\" decoding=\"async\" class=\"aligncenter size-thumbnail wp-image-5843\" title=\"Doc. MUDr. Dalibor Musil, Ph. D.\" alt=\"Doc. MUDr. Dalibor Musil, Ph. D.\" src=\"https:\/\/eportal.chirurgie.upol.cz\/portal_final\/wp-content\/uploads\/2011\/12\/musil-120x150.jpg\" width=\"120\" height=\"150\" \/><\/a><\/td>\n<td><strong>Doc. MUDr. Dalibor Musil, Ph. D.<br \/>\n<\/strong><em>I. Intern\u00ed klinika FN a LF UP Olomouc<\/em><\/td>\n<\/tr>\n<\/tbody>\n<\/table>\n","protected":false},"excerpt":{"rendered":"<p>Oponenti: prof. MUDr. Vladislav T\u0159e\u0161ka, DrSc., p\u0159ednosta chirurgick\u00e9 kliniky, FN Plze\u0148 prof. MUDr. Robert Staffa, Ph. D., p\u0159ednosta II. chirurgick\u00e9 kliniky, FN Brno Hlavn\u00ed \u0159e\u0161itel projektu: Prof. MUDr. Miloslav Duda, DrSc. II. chirurgick\u00e1 klinika FN a LF UP v Olomouci Koordin\u00e1tor bloku C\u00e9vn\u00ed chirurgie: prof. MUDr. Petr Bachleda, CSc. Autorsk\u00fd kolektiv: Autor kapitol 1, 2, [&hellip;]<\/p>\n","protected":false},"author":1,"featured_media":0,"parent":1868,"menu_order":0,"comment_status":"closed","ping_status":"closed","template":"","meta":{"footnotes":"","_links_to":"","_links_to_target":""},"class_list":["post-3513","page","type-page","status-publish","hentry"],"_links":{"self":[{"href":"https:\/\/eportal.chirurgie.upol.cz\/portal_final\/index.php?rest_route=\/wp\/v2\/pages\/3513","targetHints":{"allow":["GET"]}}],"collection":[{"href":"https:\/\/eportal.chirurgie.upol.cz\/portal_final\/index.php?rest_route=\/wp\/v2\/pages"}],"about":[{"href":"https:\/\/eportal.chirurgie.upol.cz\/portal_final\/index.php?rest_route=\/wp\/v2\/types\/page"}],"author":[{"embeddable":true,"href":"https:\/\/eportal.chirurgie.upol.cz\/portal_final\/index.php?rest_route=\/wp\/v2\/users\/1"}],"replies":[{"embeddable":true,"href":"https:\/\/eportal.chirurgie.upol.cz\/portal_final\/index.php?rest_route=%2Fwp%2Fv2%2Fcomments&post=3513"}],"version-history":[{"count":9,"href":"https:\/\/eportal.chirurgie.upol.cz\/portal_final\/index.php?rest_route=\/wp\/v2\/pages\/3513\/revisions"}],"predecessor-version":[{"id":3957,"href":"https:\/\/eportal.chirurgie.upol.cz\/portal_final\/index.php?rest_route=\/wp\/v2\/pages\/3513\/revisions\/3957"}],"up":[{"embeddable":true,"href":"https:\/\/eportal.chirurgie.upol.cz\/portal_final\/index.php?rest_route=\/wp\/v2\/pages\/1868"}],"wp:attachment":[{"href":"https:\/\/eportal.chirurgie.upol.cz\/portal_final\/index.php?rest_route=%2Fwp%2Fv2%2Fmedia&parent=3513"}],"curies":[{"name":"wp","href":"https:\/\/api.w.org\/{rel}","templated":true}]}}