{"id":3927,"date":"2013-06-16T15:32:49","date_gmt":"2013-06-16T15:32:49","guid":{"rendered":"https:\/\/eportal.chirurgie.upol.cz\/portal_final\/?page_id=3927"},"modified":"2026-02-06T17:00:47","modified_gmt":"2026-02-06T17:00:47","slug":"autori-bloku-jicen","status":"publish","type":"page","link":"https:\/\/eportal.chirurgie.upol.cz\/portal_final\/?page_id=3927","title":{"rendered":"Auto\u0159i bloku Chirurgie j\u00edcnu"},"content":{"rendered":"<h5>Oponenti:<\/h5>\n<ul>\n<li>prof.\u00a0MUDr.\u00a0Pavel Pafko, DrSc.<\/li>\n<li>prof.\u00a0MUDr.\u00a0Ji\u0159\u00ed Ehrmann, CSc.<\/li>\n<li>doc.\u00a0MUDr.\u00a0\u010cestm\u00edr Neoral, CSc.<\/li>\n<\/ul>\n<h5>Hlavn\u00ed autor:<\/h5>\n<table style=\"background-color: #ffffff; width: 100%;\" border=\"0\" cellspacing=\"3\" cellpadding=\"3\">\n<tbody>\n<tr>\n<td style=\"width: 55px;\"><a href=\"https:\/\/eportal.chirurgie.upol.cz\/portal_final\/wp-content\/uploads\/2011\/12\/duda_miloslav.jpg\"><img loading=\"lazy\" decoding=\"async\" class=\"aligncenter size-thumbnail wp-image-4992\" title=\"Prof. MUDr. Miloslav Duda, DrSc.\" alt=\"Prof. MUDr. Miloslav Duda, DrSc.\" src=\"https:\/\/eportal.chirurgie.upol.cz\/portal_final\/wp-content\/uploads\/2011\/12\/duda_miloslav-120x150.jpg\" width=\"120\" height=\"150\" \/><\/a><\/td>\n<td align=\"left\" valign=\"center\"><strong>prof.\u00a0MUDr.\u00a0Miloslav Duda, DrSc.,<\/strong><br \/>\n<em>II. chirurgick\u00e1 klinika FN a\u00a0LF Univerzity Palack\u00e9ho v\u00a0Olomouci<\/em><\/td>\n<\/tr>\n<\/tbody>\n<\/table>\n<h5>Na\u00a0vybran\u00fdch kapitol\u00e1ch spolupracovali:<\/h5>\n<table style=\"background-color: #ffffff; width: 100%; border: #ffffff 1px solid;\" border=\"1\" cellspacing=\"3\" cellpadding=\"3\">\n<tbody>\n<tr>\n<td colspan=\"2\" align=\"middle\" valign=\"center\">\n<h6 style=\"text-align: center;\">7 Vrozen\u00e9 vady j\u00edcnu<\/h6>\n<\/td>\n<\/tr>\n<tr>\n<td><a href=\"https:\/\/eportal.chirurgie.upol.cz\/portal_final\/wp-content\/uploads\/2011\/12\/podesvova.jpg\"><img loading=\"lazy\" decoding=\"async\" class=\"aligncenter size-thumbnail wp-image-5016\" title=\"Prim. MUDr. Hana Pode\u0161vov\u00e1\" alt=\"Prim. MUDr. Hana Pode\u0161vov\u00e1\" src=\"https:\/\/eportal.chirurgie.upol.cz\/portal_final\/wp-content\/uploads\/2011\/12\/podesvova-120x150.jpg\" width=\"120\" height=\"150\" \/><\/a><\/td>\n<td align=\"left\" valign=\"center\"><strong>MUDr.\u00a0Hana Pode\u0161vov\u00e1<\/strong>,<br \/>\n<em>D\u011btsk\u00e9 odd\u011blen\u00ed M\u011bstsk\u00e9 nemocnice Ostrava-Fifejdy,<br \/>\nemeritn\u00ed prim\u00e1\u0159ka Odd\u011blen\u00ed neonatologie FN Ostrava<\/em><\/td>\n<\/tr>\n<tr>\n<td colspan=\"2\" align=\"middle\" valign=\"center\">\n<h6 style=\"text-align: center;\">13 N\u00e1dory j\u00edcnu<\/h6>\n<\/td>\n<\/tr>\n<tr>\n<td><a href=\"https:\/\/eportal.chirurgie.upol.cz\/portal_final\/wp-content\/uploads\/2011\/12\/dusek_rndr.jpg\"><img loading=\"lazy\" decoding=\"async\" class=\"aligncenter size-thumbnail wp-image-5705\" title=\"Doc. RNDr. Ladislav Du\u0161ek, Ph. D.\" alt=\"Doc. RNDr. Ladislav Du\u0161ek, Ph. D.\" src=\"https:\/\/eportal.chirurgie.upol.cz\/portal_final\/wp-content\/uploads\/2011\/12\/dusek_rndr-120x150.jpg\" width=\"120\" height=\"150\" \/><\/a><\/td>\n<td align=\"left\" valign=\"center\"><strong>doc.\u00a0RNDr.\u00a0Ladislav Du\u0161ek, Ph.D.<\/strong>,<br \/>\n<em>\u0159editel Institutu biostatiky a\u00a0anal\u00fdz Masarykovy univerzity v\u00a0Brn\u011b<\/em><\/td>\n<\/tr>\n<tr>\n<td colspan=\"2\" align=\"middle\" valign=\"center\">\n<h6 style=\"text-align: center;\">15 J\u00edcnov\u00e9 varixy a\u00a0port\u00e1ln\u00ed hypertenze<\/h6>\n<\/td>\n<\/tr>\n<tr>\n<td><a href=\"https:\/\/eportal.chirurgie.upol.cz\/portal_final\/wp-content\/uploads\/2011\/12\/klein_jiri.jpg\"><img loading=\"lazy\" decoding=\"async\" class=\"aligncenter size-thumbnail wp-image-4993\" title=\"Prof. MUDr. Ji\u0159\u00ed Klein, Ph. D.\" alt=\"Prof. MUDr. Ji\u0159\u00ed Klein, Ph. D.\" src=\"https:\/\/eportal.chirurgie.upol.cz\/portal_final\/wp-content\/uploads\/2011\/12\/klein_jiri-120x150.jpg\" width=\"120\" height=\"150\" \/><\/a><\/td>\n<td align=\"left\" valign=\"center\"><strong><strong>prof. MUDr. Ji\u0159\u00ed Klein, Ph. D. <\/strong><br \/>\n<\/strong><em><em><em><em><em><em><em><em>Onkologick\u00e1 klinika FN a LF UP Olomouc a Chirurgick\u00e9 odd\u011blen\u00ed Krajsk\u00e9 nemocnice Tom\u00e1\u0161e Bati Zl\u00edn <\/em><\/em><\/em><\/em><\/em><\/em><\/em><\/em><\/td>\n<\/tr>\n<tr>\n<td colspan=\"2\" align=\"middle\" valign=\"center\">\n<h6 style=\"text-align: center;\">17 Modern\u00ed metody v\u00a0j\u00edcnov\u00e9 chirurgii<\/h6>\n<\/td>\n<\/tr>\n<tr>\n<td><a href=\"https:\/\/eportal.chirurgie.upol.cz\/portal_final\/wp-content\/uploads\/2011\/12\/prim_griga.jpg\"><img loading=\"lazy\" decoding=\"async\" class=\"aligncenter size-thumbnail wp-image-5007\" title=\"Prim. MUDr. Adolf Gryga, CSc.\" alt=\"Prim. MUDr. Adolf Gryga, CSc.\" src=\"https:\/\/eportal.chirurgie.upol.cz\/portal_final\/wp-content\/uploads\/2011\/12\/prim_griga-120x150.jpg\" width=\"120\" height=\"150\" \/><\/a><\/td>\n<td align=\"left\" valign=\"center\"><strong>prim. MUDr.\u00a0Adolf Gryga, CSc.,<br \/>\n<\/strong><em>prim\u00e1\u0159 chirurgick\u00e9ho odd\u011blen\u00ed nemocnice Prost\u011bjov<\/em><\/td>\n<\/tr>\n<tr>\n<td><a href=\"https:\/\/eportal.chirurgie.upol.cz\/portal_final\/wp-content\/uploads\/2011\/12\/ADAMCIK2.jpg\"><img loading=\"lazy\" decoding=\"async\" class=\"aligncenter size-thumbnail wp-image-5015\" title=\"Prim. MUDr. Luk\u00e1\u0161 Adam\u010d\u00edk\" alt=\"Prim. MUDr. Luk\u00e1\u0161 Adam\u010d\u00edk\" src=\"https:\/\/eportal.chirurgie.upol.cz\/portal_final\/wp-content\/uploads\/2011\/12\/ADAMCIK2-120x150.jpg\" width=\"120\" height=\"150\" \/><\/a><\/td>\n<td align=\"left\" valign=\"center\"><strong>prim. MUDr.\u00a0Luk\u00e1\u0161 Adam\u010d\u00edk,<br \/>\n<\/strong><em>prim\u00e1\u0159 opera\u010dn\u00edch s\u00e1l\u016f a\u00a0z\u00e1stupce prim\u00e1\u0159e chirurgick\u00e9ho odd\u011blen\u00ed nemocnice a\u00a0Komplexn\u00edho onkologick\u00e9ho centra Nov\u00fd Ji\u010d\u00edn<\/em><\/td>\n<\/tr>\n<\/tbody>\n<\/table>\n<p><span style=\"color: #ffffff;\">.<\/span><\/p>\n<p>Sou\u010d\u00e1st\u00ed t\u00e9to publikace je i\u00a0elektronick\u00e1 verze, dostupn\u00e1 na\u00a0adrese <a href=\"http:\/\/jicen.specialnichirurgie.upol.cz\/\" target=\"_blank\" rel=\"noopener\">http:\/\/jicen.specialnichirurgie.upol.cz\/<\/a>, jej\u00ed\u017e sou\u010d\u00e1st\u00ed jsou videosekvence. Do\u00a0elektronick\u00e9 verze p\u0159isp\u011bli z\u00e1znamy miniinvazivn\u00edch operac\u00ed doc.\u00a0MUDr.\u00a0\u010cestm\u00edr Neoral, CSc., p\u0159ednosta I. chirurgick\u00e9 kliniky FN a\u00a0LF UP, a\u00a0jeho spolupracovn\u00edci.<\/p>\n<p><em>Rentgenov\u00e1 dokumentace:<\/em> z\u00a0osobn\u00edho archivu autora, zhotoven\u00e1 na\u00a0Radiologick\u00e9 klinice FN Olomouc a\u00a0na\u00a0rentge-nov\u00e9m odd\u011blen\u00ed Nemocnice Nov\u00fd Ji\u010d\u00edn, je zve\u0159ejn\u011bna se souhlasem veden\u00ed t\u011bchto pracovi\u0161\u0165. Rentgenovou dokumen-taci z\u00a0hlediska spr\u00e1vn\u00e9 interpretace posoudil prof.\u00a0MUDr.\u00a0Martin K\u00f6cher, Ph.D., z\u00e1stupce p\u0159ednosty Radiologick\u00e9 kliniky FN Olomouc.Endoskopick\u00e1 dokumentace a\u00a0dokumentace z\u00a0funk\u010dn\u00edch vy\u0161et\u0159en\u00ed j\u00edcnu: z\u00a0archivu autora, zhotovena na\u00a0endo-skopick\u00e9m odd\u011blen\u00ed a\u00a0ve\u00a0funk\u010dn\u00ed laborato\u0159i II. chirurgick\u00e9 kliniky FN Olomouc.<\/p>\n<p><em>Fotografie a\u00a0kresby<\/em>: z\u00a0osobn\u00edho archivu autora, pokud nen\u00ed uvedeno jinak.<\/p>\n<p><em>N\u00e1vody a\u00a0postupy<\/em> uveden\u00e9 v\u00a0t\u00e9to knize byly sestaveny s\u00a0nejlep\u0161\u00edm v\u011bdom\u00edm hlavn\u00edho autora na\u00a0z\u00e1klad\u011b jeho zku-\u0161enost\u00ed a\u00a0publikovan\u00e9 odborn\u00e9 literatury. Z\u00a0jejich praktick\u00e9ho uplatn\u011bn\u00ed ale nevypl\u00fdvaj\u00ed pro autora a\u00a0nakladatelstv\u00ed \u017e\u00e1dn\u00e9 pr\u00e1vn\u00ed d\u016fsledky.<\/p>\n<p>Neopr\u00e1vn\u011bn\u00e9 u\u017eit\u00ed tohoto d\u00edla je poru\u0161en\u00edm autorsk\u00fdch pr\u00e1v a\u00a0m\u016f\u017ee zakl\u00e1dat ob\u010danskopr\u00e1vn\u00ed, spr\u00e1vn\u011bpr\u00e1vn\u00ed, pop\u0159. trestn\u011bpr\u00e1vn\u00ed odpov\u011bdnost.<\/p>\n","protected":false},"excerpt":{"rendered":"<p>Oponenti: prof.\u00a0MUDr.\u00a0Pavel Pafko, DrSc. prof.\u00a0MUDr.\u00a0Ji\u0159\u00ed Ehrmann, CSc. doc.\u00a0MUDr.\u00a0\u010cestm\u00edr Neoral, CSc. Hlavn\u00ed autor: prof.\u00a0MUDr.\u00a0Miloslav Duda, DrSc., II. chirurgick\u00e1 klinika FN a\u00a0LF Univerzity Palack\u00e9ho v\u00a0Olomouci Na\u00a0vybran\u00fdch kapitol\u00e1ch spolupracovali: 7 Vrozen\u00e9 vady j\u00edcnu MUDr.\u00a0Hana Pode\u0161vov\u00e1, D\u011btsk\u00e9 odd\u011blen\u00ed M\u011bstsk\u00e9 nemocnice Ostrava-Fifejdy, emeritn\u00ed prim\u00e1\u0159ka Odd\u011blen\u00ed neonatologie FN Ostrava 13 N\u00e1dory j\u00edcnu doc.\u00a0RNDr.\u00a0Ladislav Du\u0161ek, Ph.D., \u0159editel Institutu biostatiky a\u00a0anal\u00fdz Masarykovy univerzity [&hellip;]<\/p>\n","protected":false},"author":1,"featured_media":0,"parent":65,"menu_order":0,"comment_status":"closed","ping_status":"closed","template":"","meta":{"footnotes":"","_links_to":"","_links_to_target":""},"class_list":["post-3927","page","type-page","status-publish","hentry"],"_links":{"self":[{"href":"https:\/\/eportal.chirurgie.upol.cz\/portal_final\/index.php?rest_route=\/wp\/v2\/pages\/3927","targetHints":{"allow":["GET"]}}],"collection":[{"href":"https:\/\/eportal.chirurgie.upol.cz\/portal_final\/index.php?rest_route=\/wp\/v2\/pages"}],"about":[{"href":"https:\/\/eportal.chirurgie.upol.cz\/portal_final\/index.php?rest_route=\/wp\/v2\/types\/page"}],"author":[{"embeddable":true,"href":"https:\/\/eportal.chirurgie.upol.cz\/portal_final\/index.php?rest_route=\/wp\/v2\/users\/1"}],"replies":[{"embeddable":true,"href":"https:\/\/eportal.chirurgie.upol.cz\/portal_final\/index.php?rest_route=%2Fwp%2Fv2%2Fcomments&post=3927"}],"version-history":[{"count":18,"href":"https:\/\/eportal.chirurgie.upol.cz\/portal_final\/index.php?rest_route=\/wp\/v2\/pages\/3927\/revisions"}],"predecessor-version":[{"id":5531,"href":"https:\/\/eportal.chirurgie.upol.cz\/portal_final\/index.php?rest_route=\/wp\/v2\/pages\/3927\/revisions\/5531"}],"up":[{"embeddable":true,"href":"https:\/\/eportal.chirurgie.upol.cz\/portal_final\/index.php?rest_route=\/wp\/v2\/pages\/65"}],"wp:attachment":[{"href":"https:\/\/eportal.chirurgie.upol.cz\/portal_final\/index.php?rest_route=%2Fwp%2Fv2%2Fmedia&parent=3927"}],"curies":[{"name":"wp","href":"https:\/\/api.w.org\/{rel}","templated":true}]}}