{"id":5027,"date":"2014-11-27T10:52:41","date_gmt":"2014-11-27T10:52:41","guid":{"rendered":"https:\/\/eportal.chirurgie.upol.cz\/portal_final\/?page_id=5027"},"modified":"2023-05-12T16:55:41","modified_gmt":"2023-05-12T16:55:41","slug":"video-34-odrouskovani-operacniho-pole-odrouskovani-plice","status":"publish","type":"page","link":"https:\/\/eportal.chirurgie.upol.cz\/portal_final\/?page_id=5027","title":{"rendered":"Video 34 Odrou\u0161kov\u00e1n\u00ed opera\u010dn\u00edho pole (Odrou\u0161kov\u00e1n\u00ed pl\u00edce)"},"content":{"rendered":"<p><a href=\"http:\/\/www.youtube.com\/watch?feature=player_embedded&amp;v=Yu6bqcw5xC0\"><img loading=\"lazy\" decoding=\"async\" class=\"wp-image-3320  alignleft\" title=\"Video 34\" src=\"https:\/\/eportal.chirurgie.upol.cz\/portal_final\/wp-content\/uploads\/2013\/06\/video.jpg\" alt=\"Video 34\" width=\"90\" height=\"91\" srcset=\"https:\/\/eportal.chirurgie.upol.cz\/portal_final\/wp-content\/uploads\/2013\/06\/video-150x150.jpg 150w, https:\/\/eportal.chirurgie.upol.cz\/portal_final\/wp-content\/uploads\/2013\/06\/video-120x120.jpg 120w\" sizes=\"auto, (max-width: 90px) 100vw, 90px\" \/><\/a><\/p>\n<p><em><strong>VIDEO 34:<\/strong><\/em><\/p>\n<h5>Odrou\u0161kov\u00e1n\u00ed opera\u010dn\u00edho pole (Odrou\u0161kov\u00e1n\u00ed pl\u00edce)<\/h5>\n<p><span style=\"color: #ffffff;\">.<\/span><\/p>\n<p><span style=\"color: #ffffff;\">.<\/span><\/p>\n<p>\r\n    <div style=\"max-width:550px;\">        \r\n    <video id=\"plyr69e642ab22edf\" loop controls class=\"easy-video-player\">\r\n       <source src=\"https:\/\/eportal.chirurgie.upol.cz\/video\/34.mp4\" type=\"video\/mp4\" \/>\r\n    <\/video>\r\n    <\/div>    <script>\r\n        const evplayerplyr69e642ab22edf = new Plyr(document.getElementById('plyr69e642ab22edf'));\r\n        evplayerplyr69e642ab22edf.ratio = '16:9';\r\n        evplayerplyr69e642ab22edf.iconUrl = 'https:\/\/eportal.chirurgie.upol.cz\/portal_final\/wp-content\/plugins\/easy-video-player\/lib\/plyr.svg';\r\n        evplayerplyr69e642ab22edf.blankVideo = 'https:\/\/eportal.chirurgie.upol.cz\/portal_final\/wp-content\/plugins\/easy-video-player\/lib\/blank.mp4';  \r\n    <\/script><br \/>\n<a href=\"https:\/\/eportal.chirurgie.upol.cz\/video\/34.mp4\" target=\"blank\" class=\"stahni\" rel=\"noopener\">Video ke sta\u017een\u00ed zde &gt;&gt;<\/a><\/p>\n<p><span style=\"color: #ffffff;\">.<\/span><\/p>\n","protected":false},"excerpt":{"rendered":"<p>VIDEO 34: Odrou\u0161kov\u00e1n\u00ed opera\u010dn\u00edho pole (Odrou\u0161kov\u00e1n\u00ed pl\u00edce) . . Video ke sta\u017een\u00ed zde &gt;&gt; .<\/p>\n","protected":false},"author":1,"featured_media":0,"parent":3314,"menu_order":34,"comment_status":"closed","ping_status":"closed","template":"","meta":{"footnotes":"","_links_to":"","_links_to_target":""},"class_list":["post-5027","page","type-page","status-publish","hentry"],"_links":{"self":[{"href":"https:\/\/eportal.chirurgie.upol.cz\/portal_final\/index.php?rest_route=\/wp\/v2\/pages\/5027","targetHints":{"allow":["GET"]}}],"collection":[{"href":"https:\/\/eportal.chirurgie.upol.cz\/portal_final\/index.php?rest_route=\/wp\/v2\/pages"}],"about":[{"href":"https:\/\/eportal.chirurgie.upol.cz\/portal_final\/index.php?rest_route=\/wp\/v2\/types\/page"}],"author":[{"embeddable":true,"href":"https:\/\/eportal.chirurgie.upol.cz\/portal_final\/index.php?rest_route=\/wp\/v2\/users\/1"}],"replies":[{"embeddable":true,"href":"https:\/\/eportal.chirurgie.upol.cz\/portal_final\/index.php?rest_route=%2Fwp%2Fv2%2Fcomments&post=5027"}],"version-history":[{"count":2,"href":"https:\/\/eportal.chirurgie.upol.cz\/portal_final\/index.php?rest_route=\/wp\/v2\/pages\/5027\/revisions"}],"predecessor-version":[{"id":5458,"href":"https:\/\/eportal.chirurgie.upol.cz\/portal_final\/index.php?rest_route=\/wp\/v2\/pages\/5027\/revisions\/5458"}],"up":[{"embeddable":true,"href":"https:\/\/eportal.chirurgie.upol.cz\/portal_final\/index.php?rest_route=\/wp\/v2\/pages\/3314"}],"wp:attachment":[{"href":"https:\/\/eportal.chirurgie.upol.cz\/portal_final\/index.php?rest_route=%2Fwp%2Fv2%2Fmedia&parent=5027"}],"curies":[{"name":"wp","href":"https:\/\/api.w.org\/{rel}","templated":true}]}}