{"id":5055,"date":"2014-11-29T19:20:12","date_gmt":"2014-11-29T19:20:12","guid":{"rendered":"https:\/\/eportal.chirurgie.upol.cz\/portal_final\/?page_id=5055"},"modified":"2023-05-12T17:02:55","modified_gmt":"2023-05-12T17:02:55","slug":"video-45-laparoskopicke-osetreni-perforovaneho-vredu-zaludku","status":"publish","type":"page","link":"https:\/\/eportal.chirurgie.upol.cz\/portal_final\/?page_id=5055","title":{"rendered":"Video 45  Laparoskopick\u00e9 o\u0161et\u0159en\u00ed perforovan\u00e9ho v\u0159edu \u017ealudku"},"content":{"rendered":"<p><a href=\"http:\/\/www.youtube.com\/watch?feature=player_embedded&amp;v=wNNqcii-xMY\"><img loading=\"lazy\" decoding=\"async\" class=\"wp-image-3320  alignleft\" title=\"Video 45\" src=\"https:\/\/eportal.chirurgie.upol.cz\/portal_final\/wp-content\/uploads\/2013\/06\/video.jpg\" alt=\"Video 45\" width=\"90\" height=\"91\" srcset=\"https:\/\/eportal.chirurgie.upol.cz\/portal_final\/wp-content\/uploads\/2013\/06\/video-150x150.jpg 150w, https:\/\/eportal.chirurgie.upol.cz\/portal_final\/wp-content\/uploads\/2013\/06\/video-120x120.jpg 120w\" sizes=\"auto, (max-width: 90px) 100vw, 90px\" \/><\/a><\/p>\n<p><em><strong>VIDEO 45:<\/strong><\/em><\/p>\n<h5>Laparoskopick\u00e9 o\u0161et\u0159en\u00ed perforovan\u00e9ho v\u0159edu \u017ealudku<\/h5>\n<p><span style=\"color: #ffffff;\">.<\/span><\/p>\n<p><span style=\"color: #ffffff;\">.<\/span><\/p>\n<p>\r\n    <div style=\"max-width:550px;\">        \r\n    <video id=\"plyr69e615b9e56be\" loop controls class=\"easy-video-player\">\r\n       <source src=\"https:\/\/eportal.chirurgie.upol.cz\/video\/45.mp4\" type=\"video\/mp4\" \/>\r\n    <\/video>\r\n    <\/div>    <script>\r\n        const evplayerplyr69e615b9e56be = new Plyr(document.getElementById('plyr69e615b9e56be'));\r\n        evplayerplyr69e615b9e56be.ratio = '16:9';\r\n        evplayerplyr69e615b9e56be.iconUrl = 'https:\/\/eportal.chirurgie.upol.cz\/portal_final\/wp-content\/plugins\/easy-video-player\/lib\/plyr.svg';\r\n        evplayerplyr69e615b9e56be.blankVideo = 'https:\/\/eportal.chirurgie.upol.cz\/portal_final\/wp-content\/plugins\/easy-video-player\/lib\/blank.mp4';  \r\n    <\/script><br \/>\n<a href=\"https:\/\/eportal.chirurgie.upol.cz\/video\/45.mp4\" target=\"blank\" class=\"stahni\" rel=\"noopener\">Video ke sta\u017een\u00ed zde &gt;&gt;<\/a><\/p>\n<p><span style=\"color: #ffffff;\">.<\/span><\/p>\n","protected":false},"excerpt":{"rendered":"<p>VIDEO 45: Laparoskopick\u00e9 o\u0161et\u0159en\u00ed perforovan\u00e9ho v\u0159edu \u017ealudku . . Video ke sta\u017een\u00ed zde &gt;&gt; .<\/p>\n","protected":false},"author":1,"featured_media":0,"parent":3314,"menu_order":45,"comment_status":"closed","ping_status":"closed","template":"","meta":{"footnotes":"","_links_to":"","_links_to_target":""},"class_list":["post-5055","page","type-page","status-publish","hentry"],"_links":{"self":[{"href":"https:\/\/eportal.chirurgie.upol.cz\/portal_final\/index.php?rest_route=\/wp\/v2\/pages\/5055","targetHints":{"allow":["GET"]}}],"collection":[{"href":"https:\/\/eportal.chirurgie.upol.cz\/portal_final\/index.php?rest_route=\/wp\/v2\/pages"}],"about":[{"href":"https:\/\/eportal.chirurgie.upol.cz\/portal_final\/index.php?rest_route=\/wp\/v2\/types\/page"}],"author":[{"embeddable":true,"href":"https:\/\/eportal.chirurgie.upol.cz\/portal_final\/index.php?rest_route=\/wp\/v2\/users\/1"}],"replies":[{"embeddable":true,"href":"https:\/\/eportal.chirurgie.upol.cz\/portal_final\/index.php?rest_route=%2Fwp%2Fv2%2Fcomments&post=5055"}],"version-history":[{"count":2,"href":"https:\/\/eportal.chirurgie.upol.cz\/portal_final\/index.php?rest_route=\/wp\/v2\/pages\/5055\/revisions"}],"predecessor-version":[{"id":5470,"href":"https:\/\/eportal.chirurgie.upol.cz\/portal_final\/index.php?rest_route=\/wp\/v2\/pages\/5055\/revisions\/5470"}],"up":[{"embeddable":true,"href":"https:\/\/eportal.chirurgie.upol.cz\/portal_final\/index.php?rest_route=\/wp\/v2\/pages\/3314"}],"wp:attachment":[{"href":"https:\/\/eportal.chirurgie.upol.cz\/portal_final\/index.php?rest_route=%2Fwp%2Fv2%2Fmedia&parent=5055"}],"curies":[{"name":"wp","href":"https:\/\/api.w.org\/{rel}","templated":true}]}}