{"id":5113,"date":"2014-11-29T21:22:19","date_gmt":"2014-11-29T21:22:19","guid":{"rendered":"https:\/\/eportal.chirurgie.upol.cz\/portal_final\/?page_id=5113"},"modified":"2023-05-12T17:21:43","modified_gmt":"2023-05-12T17:21:43","slug":"video-70-osetreni-hnisave-pistele","status":"publish","type":"page","link":"https:\/\/eportal.chirurgie.upol.cz\/portal_final\/?page_id=5113","title":{"rendered":"Video 70  O\u0161et\u0159en\u00ed hnisav\u00e9 p\u00ed\u0161t\u011ble"},"content":{"rendered":"<p><a href=\"http:\/\/www.youtube.com\/watch?feature=player_embedded&amp;v=lDfVDa7ki18\"><img loading=\"lazy\" decoding=\"async\" class=\"wp-image-3320  alignleft\" title=\"Video 70\" src=\"https:\/\/eportal.chirurgie.upol.cz\/portal_final\/wp-content\/uploads\/2013\/06\/video.jpg\" alt=\"Video 70\" width=\"90\" height=\"91\" srcset=\"https:\/\/eportal.chirurgie.upol.cz\/portal_final\/wp-content\/uploads\/2013\/06\/video-150x150.jpg 150w, https:\/\/eportal.chirurgie.upol.cz\/portal_final\/wp-content\/uploads\/2013\/06\/video-120x120.jpg 120w\" sizes=\"auto, (max-width: 90px) 100vw, 90px\" \/><\/a><\/p>\n<p><em><strong>VIDEO 70:<\/strong><\/em><\/p>\n<h5>O\u0161et\u0159en\u00ed hnisav\u00e9 p\u00ed\u0161t\u011ble<\/h5>\n<p><span style=\"color: #ffffff;\">.<\/span><\/p>\n<p><span style=\"color: #ffffff;\">.<\/span><\/p>\n<p>\r\n    <div style=\"max-width:550px;\">        \r\n    <video id=\"plyr69e615b9e6262\" loop controls class=\"easy-video-player\">\r\n       <source src=\"https:\/\/eportal.chirurgie.upol.cz\/video\/70.mp4\" type=\"video\/mp4\" \/>\r\n    <\/video>\r\n    <\/div>    <script>\r\n        const evplayerplyr69e615b9e6262 = new Plyr(document.getElementById('plyr69e615b9e6262'));\r\n        evplayerplyr69e615b9e6262.ratio = '16:9';\r\n        evplayerplyr69e615b9e6262.iconUrl = 'https:\/\/eportal.chirurgie.upol.cz\/portal_final\/wp-content\/plugins\/easy-video-player\/lib\/plyr.svg';\r\n        evplayerplyr69e615b9e6262.blankVideo = 'https:\/\/eportal.chirurgie.upol.cz\/portal_final\/wp-content\/plugins\/easy-video-player\/lib\/blank.mp4';  \r\n    <\/script><br \/>\n<a href=\"https:\/\/eportal.chirurgie.upol.cz\/video\/70.mp4\" target=\"blank\" class=\"stahni\" rel=\"noopener\">Video ke sta\u017een\u00ed zde &gt;&gt;<\/a><\/p>\n<p><span style=\"color: #ffffff;\">.<\/span><\/p>\n","protected":false},"excerpt":{"rendered":"<p>VIDEO 70: O\u0161et\u0159en\u00ed hnisav\u00e9 p\u00ed\u0161t\u011ble . . Video ke sta\u017een\u00ed zde &gt;&gt; .<\/p>\n","protected":false},"author":1,"featured_media":0,"parent":3314,"menu_order":70,"comment_status":"closed","ping_status":"closed","template":"","meta":{"footnotes":"","_links_to":"","_links_to_target":""},"class_list":["post-5113","page","type-page","status-publish","hentry"],"_links":{"self":[{"href":"https:\/\/eportal.chirurgie.upol.cz\/portal_final\/index.php?rest_route=\/wp\/v2\/pages\/5113","targetHints":{"allow":["GET"]}}],"collection":[{"href":"https:\/\/eportal.chirurgie.upol.cz\/portal_final\/index.php?rest_route=\/wp\/v2\/pages"}],"about":[{"href":"https:\/\/eportal.chirurgie.upol.cz\/portal_final\/index.php?rest_route=\/wp\/v2\/types\/page"}],"author":[{"embeddable":true,"href":"https:\/\/eportal.chirurgie.upol.cz\/portal_final\/index.php?rest_route=\/wp\/v2\/users\/1"}],"replies":[{"embeddable":true,"href":"https:\/\/eportal.chirurgie.upol.cz\/portal_final\/index.php?rest_route=%2Fwp%2Fv2%2Fcomments&post=5113"}],"version-history":[{"count":3,"href":"https:\/\/eportal.chirurgie.upol.cz\/portal_final\/index.php?rest_route=\/wp\/v2\/pages\/5113\/revisions"}],"predecessor-version":[{"id":5498,"href":"https:\/\/eportal.chirurgie.upol.cz\/portal_final\/index.php?rest_route=\/wp\/v2\/pages\/5113\/revisions\/5498"}],"up":[{"embeddable":true,"href":"https:\/\/eportal.chirurgie.upol.cz\/portal_final\/index.php?rest_route=\/wp\/v2\/pages\/3314"}],"wp:attachment":[{"href":"https:\/\/eportal.chirurgie.upol.cz\/portal_final\/index.php?rest_route=%2Fwp%2Fv2%2Fmedia&parent=5113"}],"curies":[{"name":"wp","href":"https:\/\/api.w.org\/{rel}","templated":true}]}}