{"id":5118,"date":"2014-11-30T07:37:58","date_gmt":"2014-11-30T07:37:58","guid":{"rendered":"https:\/\/eportal.chirurgie.upol.cz\/portal_final\/?page_id=5118"},"modified":"2023-05-12T18:05:06","modified_gmt":"2023-05-12T18:05:06","slug":"kapitola-1-definice-historie-a-cleneni-chirurgie","status":"publish","type":"page","link":"https:\/\/eportal.chirurgie.upol.cz\/portal_final\/?page_id=5118","title":{"rendered":"Kapitola 1: Definice historie  a \u010dlen\u011bn\u00ed chirurgie"},"content":{"rendered":"\n<p>.<\/p>\n","protected":false},"excerpt":{"rendered":"<p>.<\/p>\n","protected":false},"author":1,"featured_media":0,"parent":5116,"menu_order":1,"comment_status":"closed","ping_status":"closed","template":"","meta":{"footnotes":"","_links_to":"","_links_to_target":""},"class_list":["post-5118","page","type-page","status-publish","hentry"],"_links":{"self":[{"href":"https:\/\/eportal.chirurgie.upol.cz\/portal_final\/index.php?rest_route=\/wp\/v2\/pages\/5118","targetHints":{"allow":["GET"]}}],"collection":[{"href":"https:\/\/eportal.chirurgie.upol.cz\/portal_final\/index.php?rest_route=\/wp\/v2\/pages"}],"about":[{"href":"https:\/\/eportal.chirurgie.upol.cz\/portal_final\/index.php?rest_route=\/wp\/v2\/types\/page"}],"author":[{"embeddable":true,"href":"https:\/\/eportal.chirurgie.upol.cz\/portal_final\/index.php?rest_route=\/wp\/v2\/users\/1"}],"replies":[{"embeddable":true,"href":"https:\/\/eportal.chirurgie.upol.cz\/portal_final\/index.php?rest_route=%2Fwp%2Fv2%2Fcomments&post=5118"}],"version-history":[{"count":23,"href":"https:\/\/eportal.chirurgie.upol.cz\/portal_final\/index.php?rest_route=\/wp\/v2\/pages\/5118\/revisions"}],"predecessor-version":[{"id":5505,"href":"https:\/\/eportal.chirurgie.upol.cz\/portal_final\/index.php?rest_route=\/wp\/v2\/pages\/5118\/revisions\/5505"}],"up":[{"embeddable":true,"href":"https:\/\/eportal.chirurgie.upol.cz\/portal_final\/index.php?rest_route=\/wp\/v2\/pages\/5116"}],"wp:attachment":[{"href":"https:\/\/eportal.chirurgie.upol.cz\/portal_final\/index.php?rest_route=%2Fwp%2Fv2%2Fmedia&parent=5118"}],"curies":[{"name":"wp","href":"https:\/\/api.w.org\/{rel}","templated":true}]}}