{"id":5136,"date":"2014-11-30T07:39:35","date_gmt":"2014-11-30T07:39:35","guid":{"rendered":"https:\/\/eportal.chirurgie.upol.cz\/portal_final\/?page_id=5136"},"modified":"2023-05-12T18:08:12","modified_gmt":"2023-05-12T18:08:12","slug":"kapitola-2-vysetreni-chirurgickeho-nemocneho","status":"publish","type":"page","link":"https:\/\/eportal.chirurgie.upol.cz\/portal_final\/?page_id=5136","title":{"rendered":"Kapitola 2: Vy\u0161et\u0159en\u00ed chirurgick\u00e9ho nemocn\u00e9ho"},"content":{"rendered":"<p><strong>Dostupn\u00e1 videosekvence<\/strong>:<br \/>\n<a id=\"spge170\" class=\"node\" title=\"Video 21 Pl\u00e9ni\u00e9sovo znamen\u00ed\" href=\"https:\/\/eportal.chirurgie.upol.cz\/portal_final\/?page_id=4987\" target=\"_blank\" rel=\"noopener\">Video 21 Pl\u00e9ni\u00e9sovo znamen\u00ed<\/a><\/p>\n<hr \/>\n\n","protected":false},"excerpt":{"rendered":"<p>Dostupn\u00e1 videosekvence: Video 21 Pl\u00e9ni\u00e9sovo znamen\u00ed<\/p>\n","protected":false},"author":1,"featured_media":0,"parent":5116,"menu_order":2,"comment_status":"closed","ping_status":"closed","template":"","meta":{"footnotes":"","_links_to":"","_links_to_target":""},"class_list":["post-5136","page","type-page","status-publish","hentry"],"_links":{"self":[{"href":"https:\/\/eportal.chirurgie.upol.cz\/portal_final\/index.php?rest_route=\/wp\/v2\/pages\/5136","targetHints":{"allow":["GET"]}}],"collection":[{"href":"https:\/\/eportal.chirurgie.upol.cz\/portal_final\/index.php?rest_route=\/wp\/v2\/pages"}],"about":[{"href":"https:\/\/eportal.chirurgie.upol.cz\/portal_final\/index.php?rest_route=\/wp\/v2\/types\/page"}],"author":[{"embeddable":true,"href":"https:\/\/eportal.chirurgie.upol.cz\/portal_final\/index.php?rest_route=\/wp\/v2\/users\/1"}],"replies":[{"embeddable":true,"href":"https:\/\/eportal.chirurgie.upol.cz\/portal_final\/index.php?rest_route=%2Fwp%2Fv2%2Fcomments&post=5136"}],"version-history":[{"count":15,"href":"https:\/\/eportal.chirurgie.upol.cz\/portal_final\/index.php?rest_route=\/wp\/v2\/pages\/5136\/revisions"}],"predecessor-version":[{"id":5507,"href":"https:\/\/eportal.chirurgie.upol.cz\/portal_final\/index.php?rest_route=\/wp\/v2\/pages\/5136\/revisions\/5507"}],"up":[{"embeddable":true,"href":"https:\/\/eportal.chirurgie.upol.cz\/portal_final\/index.php?rest_route=\/wp\/v2\/pages\/5116"}],"wp:attachment":[{"href":"https:\/\/eportal.chirurgie.upol.cz\/portal_final\/index.php?rest_route=%2Fwp%2Fv2%2Fmedia&parent=5136"}],"curies":[{"name":"wp","href":"https:\/\/api.w.org\/{rel}","templated":true}]}}