{"id":5138,"date":"2014-11-30T07:40:06","date_gmt":"2014-11-30T07:40:06","guid":{"rendered":"https:\/\/eportal.chirurgie.upol.cz\/portal_final\/?page_id=5138"},"modified":"2014-12-08T11:09:25","modified_gmt":"2014-12-08T11:09:25","slug":"kapitola-3","status":"publish","type":"page","link":"https:\/\/eportal.chirurgie.upol.cz\/portal_final\/?page_id=5138","title":{"rendered":"Kapitola 3: P\u0159edopera\u010dn\u00ed vy\u0161et\u0159en\u00ed a p\u0159\u00edprava nemocn\u00e9ho k opetaci"},"content":{"rendered":"<p><strong>Seznam dostupn\u00fdch videosekvenc\u00ed:<br \/>\n<\/strong><a id=\"spge171\" class=\"node\" title=\"Video 22 Miniinvazivn\u00ed o\u0161et\u0159en\u00ed Zenkerova divertiklu\" href=\"https:\/\/eportal.chirurgie.upol.cz\/portal_final\/?page_id=4993\" target=\"blank\">Video 22 Miniinvazivn\u00ed o\u0161et\u0159en\u00ed Zenkerova divertiklu<br \/>\n<\/a><a id=\"spge172\" class=\"node\" title=\"Video 23 Rektoskopie\" href=\"https:\/\/eportal.chirurgie.upol.cz\/portal_final\/?page_id=4995\" target=\"blank\">Video 23 Rektoskopie<br \/>\n<\/a><a id=\"spge173\" class=\"node\" title=\"Video 24 Endoskopick\u00fd n\u00e1lez u reflexn\u00ed nemoci j\u00edcnu\" href=\"https:\/\/eportal.chirurgie.upol.cz\/portal_final\/?page_id=4997\" target=\"blank\">Video 24 Endoskopick\u00fd n\u00e1lez u reflexn\u00ed nemoci j\u00edcnu<br \/>\n<\/a><a id=\"spge177\" class=\"node\" title=\"Video 25 Endoskopick\u00fd n\u00e1lez ezofagitidy s v\u0159edem j\u00edcnu\" href=\"https:\/\/eportal.chirurgie.upol.cz\/portal_final\/?page_id=5000\" target=\"blank\">Video 25 Endoskopick\u00fd n\u00e1lez ezofagitidy s v\u0159edem j\u00edcnu<br \/>\n<\/a><a id=\"spge179\" class=\"node\" title=\"Video 26 Endoskopick\u00fd n\u00e1lez divertiklu j\u00edcnu\" href=\"https:\/\/eportal.chirurgie.upol.cz\/portal_final\/?page_id=5003\" target=\"blank\">Video 26 Endoskopick\u00fd n\u00e1lez divertiklu j\u00edcnu<br \/>\n<\/a><a id=\"spge180\" class=\"node\" title=\"Video 27 Endoskopick\u00fd n\u00e1lez Barrettova j\u00edcnu\" href=\"https:\/\/eportal.chirurgie.upol.cz\/portal_final\/?page_id=5006\" target=\"blank\">Video 27 Endoskopick\u00fd n\u00e1lez Barrettova j\u00edcnu<br \/>\n<\/a><a id=\"spge181\" class=\"node\" title=\"Video 28 Endoskopick\u00fd n\u00e1lez j\u00edcnov\u00fdch varix\u016f\" href=\"https:\/\/eportal.chirurgie.upol.cz\/portal_final\/?page_id=5012\" target=\"blank\">Video 28 Endoskopick\u00fd n\u00e1lez j\u00edcnov\u00fdch varix\u016f<br \/>\n<\/a><a id=\"spge182\" class=\"node\" title=\"Video 29 Endoskopick\u00fd n\u00e1lez gastritidy\" href=\"https:\/\/eportal.chirurgie.upol.cz\/portal_final\/?page_id=5015\" target=\"blank\">Video 29 Endoskopick\u00fd n\u00e1lez gastritidy<br \/>\n<\/a><a id=\"spge188\" class=\"node\" title=\"Video 30 Endoskopick\u00fd n\u00e1lez polypu \u017ealudku\" href=\"https:\/\/eportal.chirurgie.upol.cz\/portal_final\/?page_id=5017\" target=\"blank\">Video 30 Endoskopick\u00fd n\u00e1lez polypu \u017ealudku<br \/>\n<\/a><a id=\"spge189\" class=\"node\" title=\"Video 31 Endoskopick\u00e1 polypektomie subkardi\u00e1ln\u00edho polypu \u017ealudku\" href=\"https:\/\/eportal.chirurgie.upol.cz\/portal_final\/?page_id=5021\">Video 31 Endoskopick\u00e1 polypektomie subkardi\u00e1ln\u00edho polypu \u017ealudku<br \/>\n<\/a><a id=\"spge190\" class=\"node\" title=\"Video 32 Endoskopick\u00fd n\u00e1lez tumoru kardie\" href=\"https:\/\/eportal.chirurgie.upol.cz\/portal_final\/?page_id=5023\" target=\"blank\">Video 32 Endoskopick\u00fd n\u00e1lez tumoru kardie<\/a><\/p>\n<hr \/>\n\n<p>.<\/p>\n<p>&nbsp;<\/p>\n","protected":false},"excerpt":{"rendered":"<p>Seznam dostupn\u00fdch videosekvenc\u00ed: Video 22 Miniinvazivn\u00ed o\u0161et\u0159en\u00ed Zenkerova divertiklu Video 23 Rektoskopie Video 24 Endoskopick\u00fd n\u00e1lez u reflexn\u00ed nemoci j\u00edcnu Video 25 Endoskopick\u00fd n\u00e1lez ezofagitidy s v\u0159edem j\u00edcnu Video 26 Endoskopick\u00fd n\u00e1lez divertiklu j\u00edcnu Video 27 Endoskopick\u00fd n\u00e1lez Barrettova j\u00edcnu Video 28 Endoskopick\u00fd n\u00e1lez j\u00edcnov\u00fdch varix\u016f Video 29 Endoskopick\u00fd n\u00e1lez gastritidy Video 30 Endoskopick\u00fd n\u00e1lez [&hellip;]<\/p>\n","protected":false},"author":1,"featured_media":0,"parent":5116,"menu_order":3,"comment_status":"closed","ping_status":"closed","template":"","meta":{"footnotes":"","_links_to":"","_links_to_target":""},"class_list":["post-5138","page","type-page","status-publish","hentry"],"_links":{"self":[{"href":"https:\/\/eportal.chirurgie.upol.cz\/portal_final\/index.php?rest_route=\/wp\/v2\/pages\/5138","targetHints":{"allow":["GET"]}}],"collection":[{"href":"https:\/\/eportal.chirurgie.upol.cz\/portal_final\/index.php?rest_route=\/wp\/v2\/pages"}],"about":[{"href":"https:\/\/eportal.chirurgie.upol.cz\/portal_final\/index.php?rest_route=\/wp\/v2\/types\/page"}],"author":[{"embeddable":true,"href":"https:\/\/eportal.chirurgie.upol.cz\/portal_final\/index.php?rest_route=\/wp\/v2\/users\/1"}],"replies":[{"embeddable":true,"href":"https:\/\/eportal.chirurgie.upol.cz\/portal_final\/index.php?rest_route=%2Fwp%2Fv2%2Fcomments&post=5138"}],"version-history":[{"count":9,"href":"https:\/\/eportal.chirurgie.upol.cz\/portal_final\/index.php?rest_route=\/wp\/v2\/pages\/5138\/revisions"}],"predecessor-version":[{"id":5303,"href":"https:\/\/eportal.chirurgie.upol.cz\/portal_final\/index.php?rest_route=\/wp\/v2\/pages\/5138\/revisions\/5303"}],"up":[{"embeddable":true,"href":"https:\/\/eportal.chirurgie.upol.cz\/portal_final\/index.php?rest_route=\/wp\/v2\/pages\/5116"}],"wp:attachment":[{"href":"https:\/\/eportal.chirurgie.upol.cz\/portal_final\/index.php?rest_route=%2Fwp%2Fv2%2Fmedia&parent=5138"}],"curies":[{"name":"wp","href":"https:\/\/api.w.org\/{rel}","templated":true}]}}