{"id":5150,"date":"2014-11-30T07:44:21","date_gmt":"2014-11-30T07:44:21","guid":{"rendered":"https:\/\/eportal.chirurgie.upol.cz\/portal_final\/?page_id=5150"},"modified":"2023-05-12T17:23:46","modified_gmt":"2023-05-12T17:23:46","slug":"video-73","status":"publish","type":"page","link":"https:\/\/eportal.chirurgie.upol.cz\/portal_final\/?page_id=5150","title":{"rendered":"Video 73  Lav\u00e1\u017e dutiny b\u0159i\u0161n\u00ed"},"content":{"rendered":"<p><a href=\"http:\/\/www.youtube.com\/watch?feature=player_embedded&amp;v=Z1xZ4U6VzxE\"><img loading=\"lazy\" decoding=\"async\" class=\"wp-image-3320  alignleft\" title=\"Video 73\" src=\"https:\/\/eportal.chirurgie.upol.cz\/portal_final\/wp-content\/uploads\/2013\/06\/video.jpg\" alt=\"Video 73\" width=\"90\" height=\"91\" srcset=\"https:\/\/eportal.chirurgie.upol.cz\/portal_final\/wp-content\/uploads\/2013\/06\/video-150x150.jpg 150w, https:\/\/eportal.chirurgie.upol.cz\/portal_final\/wp-content\/uploads\/2013\/06\/video-120x120.jpg 120w\" sizes=\"auto, (max-width: 90px) 100vw, 90px\" \/><\/a><\/p>\n<p><em><strong>VIDEO 73:<\/strong><\/em><\/p>\n<h5>Lav\u00e1\u017e dutiny b\u0159i\u0161n\u00ed<\/h5>\n<p><span style=\"color: #ffffff;\">.<\/span><\/p>\n<p><span style=\"color: #ffffff;\">.<\/span><\/p>\n<p>\r\n    <div style=\"max-width:550px;\">        \r\n    <video id=\"plyr69d2c833a29c8\" loop controls class=\"easy-video-player\">\r\n       <source src=\"https:\/\/eportal.chirurgie.upol.cz\/video\/73.mp4\" type=\"video\/mp4\" \/>\r\n    <\/video>\r\n    <\/div>    <script>\r\n        const evplayerplyr69d2c833a29c8 = new Plyr(document.getElementById('plyr69d2c833a29c8'));\r\n        evplayerplyr69d2c833a29c8.ratio = '16:9';\r\n        evplayerplyr69d2c833a29c8.iconUrl = 'https:\/\/eportal.chirurgie.upol.cz\/portal_final\/wp-content\/plugins\/easy-video-player\/lib\/plyr.svg';\r\n        evplayerplyr69d2c833a29c8.blankVideo = 'https:\/\/eportal.chirurgie.upol.cz\/portal_final\/wp-content\/plugins\/easy-video-player\/lib\/blank.mp4';  \r\n    <\/script><br \/>\n<a href=\"https:\/\/eportal.chirurgie.upol.cz\/video\/73.mp4\" target=\"blank\" class=\"stahni\" rel=\"noopener\">Video ke sta\u017een\u00ed zde &gt;&gt;<\/a><\/p>\n<p><span style=\"color: #ffffff;\">.<\/span><\/p>\n","protected":false},"excerpt":{"rendered":"<p>VIDEO 73: Lav\u00e1\u017e dutiny b\u0159i\u0161n\u00ed . . Video ke sta\u017een\u00ed zde &gt;&gt; .<\/p>\n","protected":false},"author":1,"featured_media":0,"parent":3314,"menu_order":73,"comment_status":"closed","ping_status":"closed","template":"","meta":{"footnotes":"","_links_to":"","_links_to_target":""},"class_list":["post-5150","page","type-page","status-publish","hentry"],"_links":{"self":[{"href":"https:\/\/eportal.chirurgie.upol.cz\/portal_final\/index.php?rest_route=\/wp\/v2\/pages\/5150","targetHints":{"allow":["GET"]}}],"collection":[{"href":"https:\/\/eportal.chirurgie.upol.cz\/portal_final\/index.php?rest_route=\/wp\/v2\/pages"}],"about":[{"href":"https:\/\/eportal.chirurgie.upol.cz\/portal_final\/index.php?rest_route=\/wp\/v2\/types\/page"}],"author":[{"embeddable":true,"href":"https:\/\/eportal.chirurgie.upol.cz\/portal_final\/index.php?rest_route=\/wp\/v2\/users\/1"}],"replies":[{"embeddable":true,"href":"https:\/\/eportal.chirurgie.upol.cz\/portal_final\/index.php?rest_route=%2Fwp%2Fv2%2Fcomments&post=5150"}],"version-history":[{"count":3,"href":"https:\/\/eportal.chirurgie.upol.cz\/portal_final\/index.php?rest_route=\/wp\/v2\/pages\/5150\/revisions"}],"predecessor-version":[{"id":5501,"href":"https:\/\/eportal.chirurgie.upol.cz\/portal_final\/index.php?rest_route=\/wp\/v2\/pages\/5150\/revisions\/5501"}],"up":[{"embeddable":true,"href":"https:\/\/eportal.chirurgie.upol.cz\/portal_final\/index.php?rest_route=\/wp\/v2\/pages\/3314"}],"wp:attachment":[{"href":"https:\/\/eportal.chirurgie.upol.cz\/portal_final\/index.php?rest_route=%2Fwp%2Fv2%2Fmedia&parent=5150"}],"curies":[{"name":"wp","href":"https:\/\/api.w.org\/{rel}","templated":true}]}}