{"id":5153,"date":"2014-11-30T07:45:09","date_gmt":"2014-11-30T07:45:09","guid":{"rendered":"https:\/\/eportal.chirurgie.upol.cz\/portal_final\/?page_id=5153"},"modified":"2014-12-08T11:08:13","modified_gmt":"2014-12-08T11:08:13","slug":"kapitola-5","status":"publish","type":"page","link":"https:\/\/eportal.chirurgie.upol.cz\/portal_final\/?page_id=5153","title":{"rendered":"Kapitola 5: Asepse a antisepse"},"content":{"rendered":"<p><strong>Seznam dostupn\u00fdch videosekvenc\u00ed:<br \/>\n<\/strong><a id=\"spge191\" class=\"node\" title=\"Video 33 Chirurgick\u00e9 myt\u00ed rukou\" href=\"https:\/\/eportal.chirurgie.upol.cz\/portal_final\/?page_id=5025\" target=\"_blank\">Video 33 Chirurgick\u00e9 myt\u00ed rukou<br \/>\n<\/a><a id=\"spge192\" class=\"node\" title=\"Video 34 Odrou\u0161kov\u00e1n\u00ed opera\u010dn\u00edho pole (Odrou\u0161kov\u00e1n\u00ed pl\u00edce)\" href=\"https:\/\/eportal.chirurgie.upol.cz\/portal_final\/?page_id=5027\" target=\"_blank\">Video 34 Odrou\u0161kov\u00e1n\u00ed opera\u010dn\u00edho pole (Odrou\u0161kov\u00e1n\u00ed pl\u00edce)<br \/>\n<\/a><a id=\"spge196\" class=\"node\" title=\"Video 35 N\u00e1t\u011br opera\u010dn\u00edho pole\" href=\"https:\/\/eportal.chirurgie.upol.cz\/portal_final\/?page_id=5029\" target=\"_blank\">Video 35 N\u00e1t\u011br opera\u010dn\u00edho pole<br \/>\n<\/a><a id=\"spge197\" class=\"node\" title=\"Video 36 N\u00e1t\u011br opera\u010dn\u00edho pole II.\" href=\"https:\/\/eportal.chirurgie.upol.cz\/portal_final\/?page_id=5033\" target=\"_blank\">Video 36 N\u00e1t\u011br opera\u010dn\u00edho pole II.<br \/>\n<\/a><a id=\"spge198\" class=\"node\" title=\"Video 37 Ambulantn\u00ed p\u0159\u00edprava m\u00edsta incise\" href=\"https:\/\/eportal.chirurgie.upol.cz\/portal_final\/?page_id=5035\" target=\"_blank\">Video 37 Ambulantn\u00ed p\u0159\u00edprava m\u00edsta incise<br \/>\n<\/a><a id=\"spge199\" class=\"node\" title=\"Video 38 Obalov\u00e9 materi\u00e1ly \u2013 Lukasterik\" href=\"https:\/\/eportal.chirurgie.upol.cz\/portal_final\/?page_id=5037\" target=\"_blank\">Video 38 Obalov\u00e9 materi\u00e1ly \u2013 Lukasterik<\/a><\/p>\n<hr \/>\n\n<p>.<\/p>\n<p>&nbsp;<\/p>\n","protected":false},"excerpt":{"rendered":"<p>Seznam dostupn\u00fdch videosekvenc\u00ed: Video 33 Chirurgick\u00e9 myt\u00ed rukou Video 34 Odrou\u0161kov\u00e1n\u00ed opera\u010dn\u00edho pole (Odrou\u0161kov\u00e1n\u00ed pl\u00edce) Video 35 N\u00e1t\u011br opera\u010dn\u00edho pole Video 36 N\u00e1t\u011br opera\u010dn\u00edho pole II. Video 37 Ambulantn\u00ed p\u0159\u00edprava m\u00edsta incise Video 38 Obalov\u00e9 materi\u00e1ly \u2013 Lukasterik . &nbsp;<\/p>\n","protected":false},"author":1,"featured_media":0,"parent":5116,"menu_order":5,"comment_status":"closed","ping_status":"closed","template":"","meta":{"footnotes":"","_links_to":"","_links_to_target":""},"class_list":["post-5153","page","type-page","status-publish","hentry"],"_links":{"self":[{"href":"https:\/\/eportal.chirurgie.upol.cz\/portal_final\/index.php?rest_route=\/wp\/v2\/pages\/5153","targetHints":{"allow":["GET"]}}],"collection":[{"href":"https:\/\/eportal.chirurgie.upol.cz\/portal_final\/index.php?rest_route=\/wp\/v2\/pages"}],"about":[{"href":"https:\/\/eportal.chirurgie.upol.cz\/portal_final\/index.php?rest_route=\/wp\/v2\/types\/page"}],"author":[{"embeddable":true,"href":"https:\/\/eportal.chirurgie.upol.cz\/portal_final\/index.php?rest_route=\/wp\/v2\/users\/1"}],"replies":[{"embeddable":true,"href":"https:\/\/eportal.chirurgie.upol.cz\/portal_final\/index.php?rest_route=%2Fwp%2Fv2%2Fcomments&post=5153"}],"version-history":[{"count":7,"href":"https:\/\/eportal.chirurgie.upol.cz\/portal_final\/index.php?rest_route=\/wp\/v2\/pages\/5153\/revisions"}],"predecessor-version":[{"id":5302,"href":"https:\/\/eportal.chirurgie.upol.cz\/portal_final\/index.php?rest_route=\/wp\/v2\/pages\/5153\/revisions\/5302"}],"up":[{"embeddable":true,"href":"https:\/\/eportal.chirurgie.upol.cz\/portal_final\/index.php?rest_route=\/wp\/v2\/pages\/5116"}],"wp:attachment":[{"href":"https:\/\/eportal.chirurgie.upol.cz\/portal_final\/index.php?rest_route=%2Fwp%2Fv2%2Fmedia&parent=5153"}],"curies":[{"name":"wp","href":"https:\/\/api.w.org\/{rel}","templated":true}]}}