{"id":5166,"date":"2014-11-30T07:48:00","date_gmt":"2014-11-30T07:48:00","guid":{"rendered":"https:\/\/eportal.chirurgie.upol.cz\/portal_final\/?page_id=5166"},"modified":"2014-12-08T11:04:42","modified_gmt":"2014-12-08T11:04:42","slug":"kapitola-7","status":"publish","type":"page","link":"https:\/\/eportal.chirurgie.upol.cz\/portal_final\/?page_id=5166","title":{"rendered":"Kapitola 7: Technika a taktika operac\u00ed"},"content":{"rendered":"<p><strong>Seznam dostupn\u00fdch videosekvenc\u00ed:<br \/>\n<\/strong><a id=\"spge1130\" class=\"node\" title=\"Video 59  P\u0159\u00edprava operat\u00e9ra \u2013 myt\u00ed rukou\" href=\"https:\/\/eportal.chirurgie.upol.cz\/portal_final\/?page_id=5087\" target=\"blank\">Video 59 P\u0159\u00edprava operat\u00e9ra \u2013 myt\u00ed rukou<br \/>\n<\/a><a id=\"spge1132\" class=\"node\" title=\"Video 60  P\u0159\u00edprava operat\u00e9ra \u2013 oble\u010den\u00ed emp\u00edru\" href=\"https:\/\/eportal.chirurgie.upol.cz\/portal_final\/?page_id=5089\" target=\"blank\">Video 60 P\u0159\u00edprava operat\u00e9ra \u2013 oble\u010den\u00ed emp\u00edru<br \/>\n<\/a><a id=\"spge1133\" class=\"node\" title=\"Video 61  P\u0159\u00edprava operat\u00e9ra \u2013 nasazen\u00ed steriln\u00edch rukavic\" href=\"https:\/\/eportal.chirurgie.upol.cz\/portal_final\/?page_id=5091\" target=\"blank\">Video 61 P\u0159\u00edprava operat\u00e9ra \u2013 nasazen\u00ed steriln\u00edch rukavic<br \/>\n<\/a><a id=\"spge1134\" class=\"node\" title=\"Video 62  Odrou\u0161kov\u00e1n\u00ed opera\u010dn\u00edho pole\" href=\"https:\/\/eportal.chirurgie.upol.cz\/portal_final\/?page_id=5094\" target=\"blank\">Video 62 Odrou\u0161kov\u00e1n\u00ed opera\u010dn\u00edho pole<br \/>\n<\/a><a id=\"spge1135\" class=\"node\" title=\"Video 63  N\u00e1t\u011br opera\u010dn\u00edho pole\" href=\"https:\/\/eportal.chirurgie.upol.cz\/portal_final\/?page_id=5096\" target=\"blank\">Video 63 N\u00e1t\u011br opera\u010dn\u00edho pole<br \/>\n<\/a><a id=\"spge1136\" class=\"node\" title=\"Video 64  Zaveden\u00ed mo\u010dov\u00e9ho katetru\" href=\"https:\/\/eportal.chirurgie.upol.cz\/portal_final\/?page_id=5098\" target=\"blank\">Video 64 Zaveden\u00ed mo\u010dov\u00e9ho katetru<\/a><\/p>\n<hr \/>\n\n<p>.<\/p>\n<p>&nbsp;<\/p>\n","protected":false},"excerpt":{"rendered":"<p>Seznam dostupn\u00fdch videosekvenc\u00ed: Video 59 P\u0159\u00edprava operat\u00e9ra \u2013 myt\u00ed rukou Video 60 P\u0159\u00edprava operat\u00e9ra \u2013 oble\u010den\u00ed emp\u00edru Video 61 P\u0159\u00edprava operat\u00e9ra \u2013 nasazen\u00ed steriln\u00edch rukavic Video 62 Odrou\u0161kov\u00e1n\u00ed opera\u010dn\u00edho pole Video 63 N\u00e1t\u011br opera\u010dn\u00edho pole Video 64 Zaveden\u00ed mo\u010dov\u00e9ho katetru . &nbsp;<\/p>\n","protected":false},"author":1,"featured_media":0,"parent":5116,"menu_order":7,"comment_status":"closed","ping_status":"closed","template":"","meta":{"footnotes":"","_links_to":"","_links_to_target":""},"class_list":["post-5166","page","type-page","status-publish","hentry"],"_links":{"self":[{"href":"https:\/\/eportal.chirurgie.upol.cz\/portal_final\/index.php?rest_route=\/wp\/v2\/pages\/5166","targetHints":{"allow":["GET"]}}],"collection":[{"href":"https:\/\/eportal.chirurgie.upol.cz\/portal_final\/index.php?rest_route=\/wp\/v2\/pages"}],"about":[{"href":"https:\/\/eportal.chirurgie.upol.cz\/portal_final\/index.php?rest_route=\/wp\/v2\/types\/page"}],"author":[{"embeddable":true,"href":"https:\/\/eportal.chirurgie.upol.cz\/portal_final\/index.php?rest_route=\/wp\/v2\/users\/1"}],"replies":[{"embeddable":true,"href":"https:\/\/eportal.chirurgie.upol.cz\/portal_final\/index.php?rest_route=%2Fwp%2Fv2%2Fcomments&post=5166"}],"version-history":[{"count":9,"href":"https:\/\/eportal.chirurgie.upol.cz\/portal_final\/index.php?rest_route=\/wp\/v2\/pages\/5166\/revisions"}],"predecessor-version":[{"id":5299,"href":"https:\/\/eportal.chirurgie.upol.cz\/portal_final\/index.php?rest_route=\/wp\/v2\/pages\/5166\/revisions\/5299"}],"up":[{"embeddable":true,"href":"https:\/\/eportal.chirurgie.upol.cz\/portal_final\/index.php?rest_route=\/wp\/v2\/pages\/5116"}],"wp:attachment":[{"href":"https:\/\/eportal.chirurgie.upol.cz\/portal_final\/index.php?rest_route=%2Fwp%2Fv2%2Fmedia&parent=5166"}],"curies":[{"name":"wp","href":"https:\/\/api.w.org\/{rel}","templated":true}]}}