{"id":5170,"date":"2014-11-30T07:49:09","date_gmt":"2014-11-30T07:49:09","guid":{"rendered":"https:\/\/eportal.chirurgie.upol.cz\/portal_final\/?page_id=5170"},"modified":"2014-12-08T11:13:43","modified_gmt":"2014-12-08T11:13:43","slug":"kapitola-8","status":"publish","type":"page","link":"https:\/\/eportal.chirurgie.upol.cz\/portal_final\/?page_id=5170","title":{"rendered":"Kapitola 8: Poopera\u010dn\u00ed p\u00e9\u010de a poopera\u010dn\u00ed komplikace"},"content":{"rendered":"<p>Seznam dostupn\u00fdch videosekvenc\u00ed:<br \/>\n<a id=\"spge1138\" class=\"node\" title=\"Video 65  Zaveden\u00ed mo\u010dov\u00e9ho katetru na opera\u010dn\u00edm s\u00e1le\" href=\"https:\/\/eportal.chirurgie.upol.cz\/portal_final\/?page_id=5101\" target=blank>Video 65 Zaveden\u00ed mo\u010dov\u00e9ho katetru na opera\u010dn\u00edm s\u00e1le<br \/>\n<\/a><a id=\"spge1139\" class=\"node\" title=\"Video 66  Extrakce Redonova dr\u00e9nu\" href=\"https:\/\/eportal.chirurgie.upol.cz\/portal_final\/?page_id=5103\" target=blank>Video 66 Extrakce Redonova dr\u00e9nu<br \/>\n<\/a><a id=\"spge1140\" class=\"node\" title=\"Video 67  Extrakce steh\u016f\" href=\"https:\/\/eportal.chirurgie.upol.cz\/portal_final\/?page_id=5106\" target=blank>Video 67 Extrakce steh\u016f<\/a><\/p>\n<hr \/>\n\n<p>.<\/p>\n<p>&nbsp;<\/p>\n","protected":false},"excerpt":{"rendered":"<p>Seznam dostupn\u00fdch videosekvenc\u00ed: Video 65 Zaveden\u00ed mo\u010dov\u00e9ho katetru na opera\u010dn\u00edm s\u00e1le Video 66 Extrakce Redonova dr\u00e9nu Video 67 Extrakce steh\u016f . &nbsp;<\/p>\n","protected":false},"author":1,"featured_media":0,"parent":5116,"menu_order":8,"comment_status":"closed","ping_status":"closed","template":"","meta":{"footnotes":"","_links_to":"","_links_to_target":""},"class_list":["post-5170","page","type-page","status-publish","hentry"],"_links":{"self":[{"href":"https:\/\/eportal.chirurgie.upol.cz\/portal_final\/index.php?rest_route=\/wp\/v2\/pages\/5170","targetHints":{"allow":["GET"]}}],"collection":[{"href":"https:\/\/eportal.chirurgie.upol.cz\/portal_final\/index.php?rest_route=\/wp\/v2\/pages"}],"about":[{"href":"https:\/\/eportal.chirurgie.upol.cz\/portal_final\/index.php?rest_route=\/wp\/v2\/types\/page"}],"author":[{"embeddable":true,"href":"https:\/\/eportal.chirurgie.upol.cz\/portal_final\/index.php?rest_route=\/wp\/v2\/users\/1"}],"replies":[{"embeddable":true,"href":"https:\/\/eportal.chirurgie.upol.cz\/portal_final\/index.php?rest_route=%2Fwp%2Fv2%2Fcomments&post=5170"}],"version-history":[{"count":6,"href":"https:\/\/eportal.chirurgie.upol.cz\/portal_final\/index.php?rest_route=\/wp\/v2\/pages\/5170\/revisions"}],"predecessor-version":[{"id":5305,"href":"https:\/\/eportal.chirurgie.upol.cz\/portal_final\/index.php?rest_route=\/wp\/v2\/pages\/5170\/revisions\/5305"}],"up":[{"embeddable":true,"href":"https:\/\/eportal.chirurgie.upol.cz\/portal_final\/index.php?rest_route=\/wp\/v2\/pages\/5116"}],"wp:attachment":[{"href":"https:\/\/eportal.chirurgie.upol.cz\/portal_final\/index.php?rest_route=%2Fwp%2Fv2%2Fmedia&parent=5170"}],"curies":[{"name":"wp","href":"https:\/\/api.w.org\/{rel}","templated":true}]}}