{"id":5316,"date":"2015-07-31T05:58:47","date_gmt":"2015-07-31T05:58:47","guid":{"rendered":"https:\/\/eportal.chirurgie.upol.cz\/portal_final\/?page_id=5316"},"modified":"2015-07-31T06:01:51","modified_gmt":"2015-07-31T06:01:51","slug":"kapitola-17","status":"publish","type":"page","link":"https:\/\/eportal.chirurgie.upol.cz\/portal_final\/?page_id=5316","title":{"rendered":"Kapitola 17: Posudkov\u00e1 \u010dinnost a pr\u00e1vn\u00ed odpov\u011bdnost v chirurgii"},"content":{"rendered":"<p style=\"text-align: center;\"><em>Star\u0161\u00ed verze textu, platn\u00e1 p\u0159ed nabyt\u00edm \u00fa\u010dinnosti n\u011bkter\u00fdch nov\u00fdch z\u00e1kon\u016f.Nov\u00e1 verze se p\u0159ipravuje.<\/em><\/p>\n\n<p>.<\/p>\n<p>&nbsp;<\/p>\n","protected":false},"excerpt":{"rendered":"<p>Star\u0161\u00ed verze textu, platn\u00e1 p\u0159ed nabyt\u00edm \u00fa\u010dinnosti n\u011bkter\u00fdch nov\u00fdch z\u00e1kon\u016f.Nov\u00e1 verze se p\u0159ipravuje. . &nbsp;<\/p>\n","protected":false},"author":1,"featured_media":0,"parent":5116,"menu_order":17,"comment_status":"closed","ping_status":"closed","template":"","meta":{"footnotes":"","_links_to":"","_links_to_target":""},"class_list":["post-5316","page","type-page","status-publish","hentry"],"_links":{"self":[{"href":"https:\/\/eportal.chirurgie.upol.cz\/portal_final\/index.php?rest_route=\/wp\/v2\/pages\/5316","targetHints":{"allow":["GET"]}}],"collection":[{"href":"https:\/\/eportal.chirurgie.upol.cz\/portal_final\/index.php?rest_route=\/wp\/v2\/pages"}],"about":[{"href":"https:\/\/eportal.chirurgie.upol.cz\/portal_final\/index.php?rest_route=\/wp\/v2\/types\/page"}],"author":[{"embeddable":true,"href":"https:\/\/eportal.chirurgie.upol.cz\/portal_final\/index.php?rest_route=\/wp\/v2\/users\/1"}],"replies":[{"embeddable":true,"href":"https:\/\/eportal.chirurgie.upol.cz\/portal_final\/index.php?rest_route=%2Fwp%2Fv2%2Fcomments&post=5316"}],"version-history":[{"count":4,"href":"https:\/\/eportal.chirurgie.upol.cz\/portal_final\/index.php?rest_route=\/wp\/v2\/pages\/5316\/revisions"}],"predecessor-version":[{"id":5320,"href":"https:\/\/eportal.chirurgie.upol.cz\/portal_final\/index.php?rest_route=\/wp\/v2\/pages\/5316\/revisions\/5320"}],"up":[{"embeddable":true,"href":"https:\/\/eportal.chirurgie.upol.cz\/portal_final\/index.php?rest_route=\/wp\/v2\/pages\/5116"}],"wp:attachment":[{"href":"https:\/\/eportal.chirurgie.upol.cz\/portal_final\/index.php?rest_route=%2Fwp%2Fv2%2Fmedia&parent=5316"}],"curies":[{"name":"wp","href":"https:\/\/api.w.org\/{rel}","templated":true}]}}