{"id":895,"date":"2013-03-14T09:42:31","date_gmt":"2013-03-14T09:42:31","guid":{"rendered":"https:\/\/eportal.chirurgie.upol.cz\/portal_final\/?page_id=895"},"modified":"2013-06-10T10:17:59","modified_gmt":"2013-06-10T10:17:59","slug":"souhrn","status":"publish","type":"page","link":"https:\/\/eportal.chirurgie.upol.cz\/portal_final\/?page_id=895","title":{"rendered":"Souhrn"},"content":{"rendered":"<p class=\"s55\"><strong>J\u00edcen<br \/>\n<\/strong>Pohled z mnoha \u00fahl\u016f v zrcadle zku\u0161enost\u00ed olomouck\u00e9 j\u00edcnov\u00e9 \u0161koly<\/p>\n<p>Miloslav Duda a kolektiv<\/p>\n<p>&nbsp;<\/p>\n<p class=\"s14\" style=\"text-align: center;\"><em>Motto:<\/em><br \/>\n<em>\u201eKa\u017ed\u00fd l\u00e9ka\u0159 m\u00e1 sv\u016fj obl\u00edben\u00fd org\u00e1n a chorobu.\u201c<\/em><\/p>\n<p style=\"text-align: justify;\">Monografie shrnuje poznatky o diagnostice a l\u00e9\u010db\u011b \u0161irok\u00e9ho okruhu onemocn\u011bn\u00ed j\u00edcnu. Tradice j\u00edcnov\u00e9 chirurgie byla zalo\u017eena v Olomouci prof. Vladislavem Rapantem v roce 1945 a touto problematikou se zde zab\u00fdvaj\u00ed ji\u017e \u010dty\u0159i generace chirurg\u016f. Nen\u00ed proto nads\u00e1zkou, \u017ee autor hovo\u0159\u00ed o olomouck\u00e9 j\u00edcnov\u00e9 \u0161kole a poukazuje na jej\u00ed vklad do t\u00e9to problematiky. Sou\u010d\u00e1st\u00ed knihy je i kompletn\u00ed olomouck\u00e1 bibliografie prac\u00ed o j\u00edcnu, kter\u00e1 do po\u010d\u00e1tku roku 2012 \u010d\u00edt\u00e1 305 publikac\u00ed, a d\u00e1le tak\u00e9 seznam 68 prac\u00ed o j\u00edcnov\u00fdch varixech. Jsou uvedeny i stru\u010dn\u00e9 \u017eivotopisy v\u00fdznamn\u00fdch osobnost\u00ed olomouck\u00e9 j\u00edcnov\u00e9 chirurgie, \u00fadaje o interdisciplin\u00e1rn\u00ed a mezin\u00e1rodn\u00ed spolupr\u00e1ci olomouck\u00fdch chirurg\u016f a pozn\u00e1mky o v\u00fdvoji specializace v t\u00e9to medic\u00ednsk\u00e9 disciplin\u011b. I kdy\u017e je kniha p\u0159ev\u00e1\u017en\u011b seps\u00e1na chirurgem, neomezuje se jen na tento pohled, ale v\u0161echny kapitoly zahrnuj\u00ed alespo\u0148 z\u00e1kladn\u00ed poznatky i z dal\u0161\u00edch odbornost\u00ed, je\u017e tvo\u0159\u00ed subspecializaci ezofagologie. Pozornost je v\u011bnov\u00e1na i historick\u00fdm aspekt\u016fm prob\u00edran\u00e9 tematiky, proto\u017ee je zn\u00e1mou skute\u010dnost\u00ed, \u017ee neznalost historick\u00e9ho v\u00fdvoje dan\u00e9ho probl\u00e9mu \u010dasto vede ke zbyte\u010dn\u00e9mu hled\u00e1n\u00ed a ov\u011b\u0159ov\u00e1n\u00ed toho, co bylo ji\u017e v minulosti zkoum\u00e1no a prov\u011b\u0159eno. Speci\u00e1ln\u00ed \u010d\u00e1st knihy zahrnuje kapitoly o anatomii a fyziologii j\u00edcnu, klinick\u00e9m vy\u0161et\u0159en\u00ed, diagnostice, vrozen\u00fdch vad\u00e1ch j\u00edcnu, hi\u00e1tov\u00fdch herni\u00edch, refluxn\u00ed nemoci j\u00edcnu, o z\u00e1n\u011btech j\u00edcnu jin\u00e9ho p\u016fvodu, neuromuskul\u00e1rn\u00edch poruch\u00e1ch j\u00edcnu, divertiklech j\u00edcnu, n\u00e1dorech j\u00edcnu, poran\u011bn\u00ed j\u00edcnu, j\u00edcnov\u00fdch varixech a port\u00e1ln\u00ed hypertenzi a o jin\u00fdch vz\u00e1cn\u011bj\u0161\u00edch onemocn\u011bn\u00edch j\u00edcnu. Tyto kapitoly jsou pak dopln\u011bny pojedn\u00e1n\u00edm o modern\u00edch metod\u00e1ch v j\u00edcnov\u00e9 chirurgii s odkazem na elektronickou verzi knihy, kde je k dispozici velk\u00fd po\u010det videosekvenc\u00ed ilustruj\u00edc\u00edch diagnostick\u00e9 a miniinvazivn\u00ed l\u00e9\u010debn\u00e9 postupy u jednotliv\u00fdch onemocn\u011bn\u00ed. Z\u00e1v\u011bre\u010dn\u00e9 kapitoly shrnuj\u00ed n\u00e1hled na evidence-based medicine a hodnocen\u00ed kvality v chirurgii j\u00edcnu a v\u00fdhled do budoucnosti j\u00edcnov\u00e9 chirurgie.<\/p>\n","protected":false},"excerpt":{"rendered":"<p>J\u00edcen Pohled z mnoha \u00fahl\u016f v zrcadle zku\u0161enost\u00ed olomouck\u00e9 j\u00edcnov\u00e9 \u0161koly Miloslav Duda a kolektiv &nbsp; Motto: \u201eKa\u017ed\u00fd l\u00e9ka\u0159 m\u00e1 sv\u016fj obl\u00edben\u00fd org\u00e1n a chorobu.\u201c Monografie shrnuje poznatky o diagnostice a l\u00e9\u010db\u011b \u0161irok\u00e9ho okruhu onemocn\u011bn\u00ed j\u00edcnu. Tradice j\u00edcnov\u00e9 chirurgie byla zalo\u017eena v Olomouci prof. Vladislavem Rapantem v roce 1945 a touto problematikou se zde zab\u00fdvaj\u00ed [&hellip;]<\/p>\n","protected":false},"author":1,"featured_media":0,"parent":65,"menu_order":100,"comment_status":"closed","ping_status":"open","template":"","meta":{"footnotes":"","_links_to":"","_links_to_target":""},"class_list":["post-895","page","type-page","status-publish","hentry"],"_links":{"self":[{"href":"https:\/\/eportal.chirurgie.upol.cz\/portal_final\/index.php?rest_route=\/wp\/v2\/pages\/895","targetHints":{"allow":["GET"]}}],"collection":[{"href":"https:\/\/eportal.chirurgie.upol.cz\/portal_final\/index.php?rest_route=\/wp\/v2\/pages"}],"about":[{"href":"https:\/\/eportal.chirurgie.upol.cz\/portal_final\/index.php?rest_route=\/wp\/v2\/types\/page"}],"author":[{"embeddable":true,"href":"https:\/\/eportal.chirurgie.upol.cz\/portal_final\/index.php?rest_route=\/wp\/v2\/users\/1"}],"replies":[{"embeddable":true,"href":"https:\/\/eportal.chirurgie.upol.cz\/portal_final\/index.php?rest_route=%2Fwp%2Fv2%2Fcomments&post=895"}],"version-history":[{"count":8,"href":"https:\/\/eportal.chirurgie.upol.cz\/portal_final\/index.php?rest_route=\/wp\/v2\/pages\/895\/revisions"}],"predecessor-version":[{"id":3708,"href":"https:\/\/eportal.chirurgie.upol.cz\/portal_final\/index.php?rest_route=\/wp\/v2\/pages\/895\/revisions\/3708"}],"up":[{"embeddable":true,"href":"https:\/\/eportal.chirurgie.upol.cz\/portal_final\/index.php?rest_route=\/wp\/v2\/pages\/65"}],"wp:attachment":[{"href":"https:\/\/eportal.chirurgie.upol.cz\/portal_final\/index.php?rest_route=%2Fwp%2Fv2%2Fmedia&parent=895"}],"curies":[{"name":"wp","href":"https:\/\/api.w.org\/{rel}","templated":true}]}}